{"id":36,"date":"2016-09-21T20:15:31","date_gmt":"2016-09-21T18:15:31","guid":{"rendered":"http:\/\/shagya-arab-noric.com\/?page_id=36"},"modified":"2018-03-19T14:31:11","modified_gmt":"2018-03-19T13:31:11","slug":"kontakty","status":"publish","type":"page","link":"https:\/\/shagya-arab-noric.com\/fr\/kontakty\/","title":{"rendered":"Contacts"},"content":{"rendered":"<p><\/p>\n<h1>H\u0158EB\u010c\u00cdN JEN\u00cdKOV V.O.S.<\/h1>\n<p>T\u0159ebiho\u0161\u0165 115<br \/>\n544 01 Dv\u016fr Kr\u00e1lov\u00e9 nad Labem<\/p>\n<p>I\u010c 42195829<br \/>\nDI\u010c CZ 42195829<\/p>\n<p>Tel.: 499 396 171 ,725 040 645<br \/>\ne-mail: bara.cermanova@mkinet.cz<\/p>\n<p>www.hrebcin-jen\u00edkov.cz<\/p>\n<p>Nous nous trouvons en Boh\u00eame de l\u00b4Est, \u00e0 4 km de Ho\u0159ice v Podkrkono\u0161\u00ed<\/p>\n<p>&nbsp;<\/p>\n<p><img loading=\"lazy\" decoding=\"async\" class=\"size-full wp-image-268 alignnone\" src=\"http:\/\/shagya-arab-noric.com\/wp-content\/uploads\/2016\/09\/hrebcin.jpg\" alt=\"hrebcin\" width=\"411\" height=\"220\" srcset=\"https:\/\/shagya-arab-noric.com\/wp-content\/uploads\/2016\/09\/hrebcin.jpg 411w, https:\/\/shagya-arab-noric.com\/wp-content\/uploads\/2016\/09\/hrebcin-300x161.jpg 300w\" sizes=\"auto, (max-width: 411px) 100vw, 411px\" \/><\/p>","protected":false},"excerpt":{"rendered":"<p>H\u0158EB\u010c\u00cdN JEN\u00cdKOV V.O.S. T\u0159ebiho\u0161\u0165 115 544 01 Dv\u016fr Kr\u00e1lov\u00e9 nad Labem I\u010c 42195829 DI\u010c CZ 42195829 Tel.: 499 396 171 ,725 040 645 e-mail: bara.cermanova@mkinet.cz www.hrebcin-jen\u00edkov.cz Nous nous trouvons en Boh\u00eame de l\u00b4Est, \u00e0 4 km de Ho\u0159ice v Podkrkono\u0161\u00ed &nbsp;<\/p>\n","protected":false},"author":1,"featured_media":52,"parent":0,"menu_order":0,"comment_status":"closed","ping_status":"closed","template":"","meta":{"_acf_changed":false,"footnotes":""},"class_list":["post-36","page","type-page","status-publish","has-post-thumbnail","hentry"],"acf":[],"aioseo_notices":[],"_links":{"self":[{"href":"https:\/\/shagya-arab-noric.com\/fr\/wp-json\/wp\/v2\/pages\/36","targetHints":{"allow":["GET"]}}],"collection":[{"href":"https:\/\/shagya-arab-noric.com\/fr\/wp-json\/wp\/v2\/pages"}],"about":[{"href":"https:\/\/shagya-arab-noric.com\/fr\/wp-json\/wp\/v2\/types\/page"}],"author":[{"embeddable":true,"href":"https:\/\/shagya-arab-noric.com\/fr\/wp-json\/wp\/v2\/users\/1"}],"replies":[{"embeddable":true,"href":"https:\/\/shagya-arab-noric.com\/fr\/wp-json\/wp\/v2\/comments?post=36"}],"version-history":[{"count":21,"href":"https:\/\/shagya-arab-noric.com\/fr\/wp-json\/wp\/v2\/pages\/36\/revisions"}],"predecessor-version":[{"id":754,"href":"https:\/\/shagya-arab-noric.com\/fr\/wp-json\/wp\/v2\/pages\/36\/revisions\/754"}],"wp:featuredmedia":[{"embeddable":true,"href":"https:\/\/shagya-arab-noric.com\/fr\/wp-json\/wp\/v2\/media\/52"}],"wp:attachment":[{"href":"https:\/\/shagya-arab-noric.com\/fr\/wp-json\/wp\/v2\/media?parent=36"}],"curies":[{"name":"wp","href":"https:\/\/api.w.org\/{rel}","templated":true}]}}