{"id":30,"date":"2016-09-21T20:14:06","date_gmt":"2016-09-21T18:14:06","guid":{"rendered":"http:\/\/shagya-arab-noric.com\/?page_id=30"},"modified":"2016-10-27T19:40:00","modified_gmt":"2016-10-27T17:40:00","slug":"kone-pro-endurance","status":"publish","type":"page","link":"https:\/\/shagya-arab-noric.com\/fr\/kone-pro-endurance\/","title":{"rendered":"Endurance"},"content":{"rendered":"<p><\/p>\n<h1>ENDURANCE<\/h1>\n<h2>LES ARABES SHAGYA \u2013 CHEVAUX POUR L\u00b4ENDURANCE<\/h2>\n<p>D\u00b4origine, il \u00e9tait destin\u00e9 pour les besoins des officiers du corps de l\u2019arm\u00e9e autrichienne \u2013 hongroise. Aujourd\u00b4hui, Arabe Shagya est utilis\u00e9 dans toutes les disciplines du sport \u00e9questre et avec le pur-sang arabe il est dominant en endurance. Il a des qualit\u00e9s d\u00e9sirables pour ce sport, duret\u00e9, r\u00e9sistance et pers\u00e9v\u00e9rance. Son action est l\u00e9g\u00e8re, \u00e9quilibr\u00e9e, le pas \u00e9lastique m\u00eame dans le terrain difficile. L\u00b4ossature et la musculation des arabes shagya sont plus puissantes que chez les pur-sang arabes, leurs \u00a0membres sont plus forts et leurs sabots sont durs et de tr\u00e8s bon qualit\u00e9. Ces chevaux sont vifs et de caract\u00e8re tr\u00e8s agr\u00e9able ce qui est un apport inappr\u00e9ciable pour l\u00b4endurance. Leur pr\u00e9sence \u00a0toujours plus grande aux classements des meilleurs chevaux de l\u00b4endurance \u00a0font preuve de leurs qualit\u00e9s exceptionnelles<\/p>\n<table style=\"width: 100%;\">\n<tbody>\n<tr>\n<td style=\"width: 50%; text-align: left;\">\u00a0<img loading=\"lazy\" decoding=\"async\" class=\"alignleft size-full wp-image-238\" src=\"http:\/\/shagya-arab-noric.com\/wp-content\/uploads\/2016\/09\/endurance_karsen.jpg\" alt=\"endurance_karsen\" width=\"411\" height=\"478\" srcset=\"https:\/\/shagya-arab-noric.com\/wp-content\/uploads\/2016\/09\/endurance_karsen.jpg 411w, https:\/\/shagya-arab-noric.com\/wp-content\/uploads\/2016\/09\/endurance_karsen-258x300.jpg 258w\" sizes=\"auto, (max-width: 411px) 100vw, 411px\" \/><\/td>\n<td>\u00a0<img loading=\"lazy\" decoding=\"async\" class=\"alignleft size-full wp-image-451\" src=\"http:\/\/shagya-arab-noric.com\/wp-content\/uploads\/2016\/09\/endurance_matyas.jpg\" alt=\"endurance_matyas\" width=\"411\" height=\"478\" srcset=\"https:\/\/shagya-arab-noric.com\/wp-content\/uploads\/2016\/09\/endurance_matyas.jpg 411w, https:\/\/shagya-arab-noric.com\/wp-content\/uploads\/2016\/09\/endurance_matyas-258x300.jpg 258w\" sizes=\"auto, (max-width: 411px) 100vw, 411px\" \/><\/td>\n<\/tr>\n<tr>\n<td style=\"width: 50%;\">Endurance &#8211; Karsen 1<\/td>\n<td>\u00a0Endurance &#8211; Matyas<\/td>\n<\/tr>\n<\/tbody>\n<\/table>\n<h2><\/h2>\n<h2>\u00daSP\u011aCHY KON\u00cd Z NA\u0160EHO CHOVU V ENDURANCE&#8230;&#8230;&#8230;&#8230;&#8230;&#8230;&#8230;&#8230;&#8230;..<\/h2>\n<p>Les chevaux de notre \u00e9levage participant avec succ\u00e8s aux \u00e9preuves d\u00b4endurance : Karsen 1, Kevin 7, \u00e9talon 1342 Koheilan XI-CZ Split, K\u00e1non, Svoboda, D\u00e1ma 3, Drina, Dolar1, Saf\u00edr, Kalup, Svratka,Matyas, Dhab (sa m\u00e8re Lira CZ-Sh-A-161 provient de notre \u00e9levage). Les concours de l\u00b4endurance sont soit sous la selle, soit en attelage. Cela permet d\u00b4y participer aussi aux personnes qui ne peuvent de diff\u00e9rentes raisons monter en selle. Le but est toujours le m\u00eame, parcourir la distance le plus vite possible, mais avec un cheval frais. Nos chevaux ont montr\u00e9 \u00e0 plusieurs reprises leurs capacit\u00e9s pour des disciplines d\u00b4attelage pendant les concours complets d\u00b4attelage. Huit juments du troupeau de base et trois \u00e9talons ont atteint la puissance du grade le plus haut \u201cT\u201d.<\/p>\n<p><a href=\"http:\/\/www.vytrvalost.com\">http:\/\/www.vytrvalost.com<\/a><\/p>\n<table style=\"width: 100%;\">\n<tbody>\n<tr>\n<td style=\"width: 50%;\">\u00a0<img loading=\"lazy\" decoding=\"async\" class=\"alignleft size-full wp-image-240\" src=\"http:\/\/shagya-arab-noric.com\/wp-content\/uploads\/2016\/09\/endurance_K\u00e1non.jpg\" alt=\"endurance_kanon\" width=\"411\" height=\"284\" \/><\/td>\n<td>\u00a0<img loading=\"lazy\" decoding=\"async\" class=\"alignleft size-full wp-image-241\" src=\"http:\/\/shagya-arab-noric.com\/wp-content\/uploads\/2016\/09\/endurance_Kevin7.jpg\" alt=\"endurance_kevin7\" width=\"411\" height=\"284\" srcset=\"https:\/\/shagya-arab-noric.com\/wp-content\/uploads\/2016\/09\/endurance_Kevin7.jpg 411w, https:\/\/shagya-arab-noric.com\/wp-content\/uploads\/2016\/09\/endurance_Kevin7-300x207.jpg 300w\" sizes=\"auto, (max-width: 411px) 100vw, 411px\" \/><\/td>\n<\/tr>\n<tr>\n<td style=\"width: 50%;\">Endurance &#8211; K\u00e1non<\/td>\n<td>Endurance &#8211; Kevin 7<\/td>\n<\/tr>\n<\/tbody>\n<\/table>\n<h2><\/h2>\n<h2>LUCIE KUB\u00cdKOV\u00c1<\/h2>\n<p class=\"Standard\">Jezdkyn\u011b Lucie Kub\u00edkov\u00e1 \u00fasp\u011b\u0161n\u011b reprezentuje \u010cR ve vytrvalostn\u00edm sportu na mezin\u00e1rodn\u00ed \u00farovni.\u00a0Valach Matyas\u00a0z\u00a0na\u0161eho chovu dos\u00e1hl s Luci\u00ed Kub\u00edkovou t\u011bchto \u00fasp\u011bch\u016f.<\/p>\n<table style=\"width: 100%;\">\n<tbody>\n<tr style=\"height: 24.6563px;\">\n<td style=\"height: 24.6563px;\">2016<\/td>\n<td style=\"height: 24.6563px;\">3. m\u00edsto<\/td>\n<td style=\"height: 24.6563px;\">CEI***<\/td>\n<td style=\"height: 24.6563px;\">160 km<\/td>\n<td style=\"height: 24.6563px;\">Solt (HUN)<\/td>\n<\/tr>\n<tr style=\"height: 24px;\">\n<td style=\"height: 24px;\">2016<\/td>\n<td style=\"height: 24px;\">1. m\u00edsto<\/td>\n<td style=\"height: 24px;\">CEI2*<\/td>\n<td style=\"height: 24px;\">120 km<\/td>\n<td style=\"height: 24px;\">Kilkis (GRC)<\/td>\n<\/tr>\n<tr style=\"height: 24px;\">\n<td style=\"height: 24px;\">2015<\/td>\n<td style=\"height: 24px;\">1. m\u00edsto<\/td>\n<td style=\"height: 24px;\">CEN*<\/td>\n<td style=\"height: 24px;\">80-119 km<\/td>\n<td style=\"height: 24px;\">Lamia Poh\u00e1r vytrvalosti \u0158ecka<\/td>\n<\/tr>\n<tr style=\"height: 24px;\">\n<td style=\"height: 24px;\">2015<\/td>\n<td style=\"height: 24px;\">1. m\u00edsto<\/td>\n<td style=\"height: 24px;\">CEN*<\/td>\n<td style=\"height: 24px;\">80-119 km<\/td>\n<td style=\"height: 24px;\">Katerini (GR)<\/td>\n<\/tr>\n<tr style=\"height: 24px;\">\n<td style=\"height: 24px;\">2015<\/td>\n<td style=\"height: 24px;\">2. m\u00edsto<\/td>\n<td style=\"height: 24px;\">CEI**<\/td>\n<td style=\"height: 24px;\">120 km<\/td>\n<td style=\"height: 24px;\">Shumen (BG)<\/td>\n<\/tr>\n<\/tbody>\n<\/table>\n<table style=\"width: 100%;\">\n<tbody>\n<tr>\n<td style=\"width: 50%;\">\u00a0<img loading=\"lazy\" decoding=\"async\" class=\"alignleft size-full wp-image-443\" src=\"http:\/\/shagya-arab-noric.com\/wp-content\/uploads\/2016\/09\/endurance_lucie_kubikova_04.jpg\" alt=\"endurance_lucie_kubikova_04\" width=\"411\" height=\"284\" srcset=\"https:\/\/shagya-arab-noric.com\/wp-content\/uploads\/2016\/09\/endurance_lucie_kubikova_04.jpg 411w, https:\/\/shagya-arab-noric.com\/wp-content\/uploads\/2016\/09\/endurance_lucie_kubikova_04-300x207.jpg 300w\" sizes=\"auto, (max-width: 411px) 100vw, 411px\" \/><\/td>\n<td>\u00a0<img loading=\"lazy\" decoding=\"async\" class=\"alignleft size-full wp-image-444\" src=\"http:\/\/shagya-arab-noric.com\/wp-content\/uploads\/2016\/09\/endurance_lucie_kubikova_03.jpg\" alt=\"endurance_lucie_kubikova_03\" width=\"411\" height=\"284\" srcset=\"https:\/\/shagya-arab-noric.com\/wp-content\/uploads\/2016\/09\/endurance_lucie_kubikova_03.jpg 411w, https:\/\/shagya-arab-noric.com\/wp-content\/uploads\/2016\/09\/endurance_lucie_kubikova_03-300x207.jpg 300w\" sizes=\"auto, (max-width: 411px) 100vw, 411px\" \/><\/td>\n<\/tr>\n<tr>\n<td style=\"width: 50%;\"><\/td>\n<td><\/td>\n<\/tr>\n<\/tbody>\n<\/table>\n<h2><\/h2>\n<h2><\/h2>\n<p><span style=\"color: #999999;\">category: endurance \/ les arabes shagya \u2013 chevaux pour l\u00b4endurance<\/span><\/p>","protected":false},"excerpt":{"rendered":"<p>ENDURANCE LES ARABES SHAGYA \u2013 CHEVAUX POUR L\u00b4ENDURANCE D\u00b4origine, il \u00e9tait destin\u00e9 pour les besoins des officiers du corps de l\u2019arm\u00e9e autrichienne \u2013 hongroise. Aujourd\u00b4hui, Arabe Shagya est utilis\u00e9 dans toutes les disciplines du sport \u00e9questre et avec le pur-sang arabe il est dominant en endurance. Il a des qualit\u00e9s d\u00e9sirables pour ce sport, duret\u00e9, [&hellip;]<\/p>\n","protected":false},"author":1,"featured_media":575,"parent":0,"menu_order":0,"comment_status":"closed","ping_status":"closed","template":"","meta":{"_acf_changed":false,"footnotes":""},"class_list":["post-30","page","type-page","status-publish","has-post-thumbnail","hentry"],"acf":[],"aioseo_notices":[],"_links":{"self":[{"href":"https:\/\/shagya-arab-noric.com\/fr\/wp-json\/wp\/v2\/pages\/30","targetHints":{"allow":["GET"]}}],"collection":[{"href":"https:\/\/shagya-arab-noric.com\/fr\/wp-json\/wp\/v2\/pages"}],"about":[{"href":"https:\/\/shagya-arab-noric.com\/fr\/wp-json\/wp\/v2\/types\/page"}],"author":[{"embeddable":true,"href":"https:\/\/shagya-arab-noric.com\/fr\/wp-json\/wp\/v2\/users\/1"}],"replies":[{"embeddable":true,"href":"https:\/\/shagya-arab-noric.com\/fr\/wp-json\/wp\/v2\/comments?post=30"}],"version-history":[{"count":41,"href":"https:\/\/shagya-arab-noric.com\/fr\/wp-json\/wp\/v2\/pages\/30\/revisions"}],"predecessor-version":[{"id":736,"href":"https:\/\/shagya-arab-noric.com\/fr\/wp-json\/wp\/v2\/pages\/30\/revisions\/736"}],"wp:featuredmedia":[{"embeddable":true,"href":"https:\/\/shagya-arab-noric.com\/fr\/wp-json\/wp\/v2\/media\/575"}],"wp:attachment":[{"href":"https:\/\/shagya-arab-noric.com\/fr\/wp-json\/wp\/v2\/media?parent=30"}],"curies":[{"name":"wp","href":"https:\/\/api.w.org\/{rel}","templated":true}]}}