{"id":28,"date":"2016-09-21T20:13:29","date_gmt":"2016-09-21T18:13:29","guid":{"rendered":"http:\/\/shagya-arab-noric.com\/?page_id=28"},"modified":"2017-09-01T12:01:33","modified_gmt":"2017-09-01T10:01:33","slug":"uplatneni-nasich-koni","status":"publish","type":"page","link":"https:\/\/shagya-arab-noric.com\/fr\/uplatneni-nasich-koni\/","title":{"rendered":"L&#8217;application chevaux"},"content":{"rendered":"<p><\/p>\n<h1>L\u0653\u2019APPLICATION DE NOS CHEVAUX<\/h1>\n<p>Nos chevaux se font valoir comme des chevaux de service et de travail, des chevaux de toute la gamme de disciplines sportives et de r\u00e9cr\u00e9ation<\/p>\n<p><img loading=\"lazy\" decoding=\"async\" class=\"alignnone size-full wp-image-230\" src=\"http:\/\/shagya-arab-noric.com\/wp-content\/uploads\/2016\/09\/ctyrsprezi.jpg\" alt=\"ctyrsprezi\" width=\"836\" height=\"428\" srcset=\"https:\/\/shagya-arab-noric.com\/wp-content\/uploads\/2016\/09\/ctyrsprezi.jpg 836w, https:\/\/shagya-arab-noric.com\/wp-content\/uploads\/2016\/09\/ctyrsprezi-300x154.jpg 300w, https:\/\/shagya-arab-noric.com\/wp-content\/uploads\/2016\/09\/ctyrsprezi-768x393.jpg 768w\" sizes=\"auto, (max-width: 836px) 100vw, 836px\" \/><br \/>\nAttelage de mariage de quatre chevaux<\/p>\n<h2>CHEVAUX DE TRAVAIL<\/h2>\n<p>Le haras Jen\u00edkov est l\u00b4un des plus importants \u00e9leveurs de Noriker en R\u00e9publique Tch\u00e8que. Le poids moins important et son habilet\u00e9 assurent la grande libert\u00e9 de mouvement et font ce cheval le plus apte pour le travail dans les terrains difficiles o\u00f9 il peut donner sa performance maximale. Il r\u00e9siste bien au temps mauvais, sa constitution est dure, il est de bon caract\u00e8re et il aime travailler. L\u00b4application de ce cheval est particuli\u00e8rement dans la for\u00eat, il est bon pour le travail en agriculture.<br \/>\nLe haras Jen\u00edkov participe au soutien et \u00e0 la propagation de races de chevaux \u00e0 sang froid. Dans le cadre de l\u00b4Association pour le labourage qui existe en R\u00e9publique Tch\u00e8que depuis plus que 30 ans et qui est membre de l\u00b4association international, la section de labourage avec des chevaux a \u00e9t\u00e9 fond\u00e9e en 2003.<\/p>\n<p><a href=\"http:\/\/www.schchk.cz\">http:\/\/www.schchk.cz<\/a><br \/>\n<a href=\"http:\/\/aschk.cz\">http:\/\/aschk.cz<\/a><\/p>\n<table style=\"width: 100%;\">\n<tbody>\n<tr>\n<td style=\"width: 50%;\"><img loading=\"lazy\" decoding=\"async\" class=\"alignleft size-full wp-image-464\" src=\"http:\/\/shagya-arab-noric.com\/wp-content\/uploads\/2016\/09\/tandem_01.jpg\" alt=\"tandem_01\" width=\"411\" height=\"237\" srcset=\"https:\/\/shagya-arab-noric.com\/wp-content\/uploads\/2016\/09\/tandem_01.jpg 411w, https:\/\/shagya-arab-noric.com\/wp-content\/uploads\/2016\/09\/tandem_01-300x173.jpg 300w\" sizes=\"auto, (max-width: 411px) 100vw, 411px\" \/><\/td>\n<td><img loading=\"lazy\" decoding=\"async\" class=\"alignnone size-full wp-image-233\" src=\"http:\/\/shagya-arab-noric.com\/wp-content\/uploads\/2016\/09\/orba_Pardubice.jpg\" alt=\"orba_pardubice\" width=\"411\" height=\"237\" srcset=\"https:\/\/shagya-arab-noric.com\/wp-content\/uploads\/2016\/09\/orba_Pardubice.jpg 411w, https:\/\/shagya-arab-noric.com\/wp-content\/uploads\/2016\/09\/orba_Pardubice-300x173.jpg 300w\" sizes=\"auto, (max-width: 411px) 100vw, 411px\" \/><\/td>\n<\/tr>\n<tr>\n<td style=\"width: 50%; vertical-align: top;\">Tandem xxxx<\/td>\n<td style=\"vertical-align: top;\">Concours de labourage, \u00e9talon 444 Neugot-I-20<\/td>\n<\/tr>\n<\/tbody>\n<\/table>\n<h2>CHEVAUX POUR LE LOISIR<\/h2>\n<p>Le cheval Noriker est connu par son caract\u00e8re calme et par sa maniabilit\u00e9 facile. Il convient \u00e0 l\u00b4\u00e9quitation de recr\u00e9ation en selle aussi pour les personnes plus lourdes et moins exp\u00e9riment\u00e9es.<br \/>\nL\u00b4Arabe Shagya est destin\u00e9 pour les personnes avanc\u00e9es en \u00e9quitation. Par son temp\u00e9rament et son caract\u00e8re il r\u00e9pond \u00e0 toutes les demandes de toutes les branches de sport \u00e9questre et de l\u00b4attelage.<\/p>\n<p><a href=\"http:\/\/www.sprezeni-cjf.cz\/\">http:\/\/www.sprezeni-cjf.cz\/<\/a><\/p>\n<table style=\"width: 100%;\">\n<tbody>\n<tr>\n<td style=\"width: 50%;\">\u00a0<img loading=\"lazy\" decoding=\"async\" class=\"alignnone size-full wp-image-234\" src=\"http:\/\/shagya-arab-noric.com\/wp-content\/uploads\/2016\/09\/soumrak.jpg\" alt=\"soumrak\" width=\"410\" height=\"322\" srcset=\"https:\/\/shagya-arab-noric.com\/wp-content\/uploads\/2016\/09\/soumrak.jpg 410w, https:\/\/shagya-arab-noric.com\/wp-content\/uploads\/2016\/09\/soumrak-300x236.jpg 300w\" sizes=\"auto, (max-width: 410px) 100vw, 410px\" \/><\/td>\n<td>\u00a0<img loading=\"lazy\" decoding=\"async\" class=\"alignnone size-full wp-image-235\" src=\"http:\/\/shagya-arab-noric.com\/wp-content\/uploads\/2016\/09\/baribal.jpg\" alt=\"baribal\" width=\"410\" height=\"322\" srcset=\"https:\/\/shagya-arab-noric.com\/wp-content\/uploads\/2016\/09\/baribal.jpg 410w, https:\/\/shagya-arab-noric.com\/wp-content\/uploads\/2016\/09\/baribal-300x236.jpg 300w\" sizes=\"auto, (max-width: 410px) 100vw, 410px\" \/><\/td>\n<\/tr>\n<tr>\n<td style=\"width: 50%; vertical-align: top;\">43\/83 Soumrak-946 Tann \u2013 Sedrik, Vladim\u00edr Cerman-Alexandra Bradnov\u00e1<\/td>\n<td style=\"vertical-align: top;\">Hongre Baribal<\/td>\n<\/tr>\n<tr>\n<td style=\"width: 50%; vertical-align: top;\">\u00a0<img loading=\"lazy\" decoding=\"async\" class=\"alignleft size-full wp-image-457\" src=\"http:\/\/shagya-arab-noric.com\/wp-content\/uploads\/2016\/09\/kelvin.jpg\" alt=\"kelvin\" width=\"410\" height=\"514\" srcset=\"https:\/\/shagya-arab-noric.com\/wp-content\/uploads\/2016\/09\/kelvin.jpg 410w, https:\/\/shagya-arab-noric.com\/wp-content\/uploads\/2016\/09\/kelvin-239x300.jpg 239w\" sizes=\"auto, (max-width: 410px) 100vw, 410px\" \/><\/td>\n<td style=\"vertical-align: top;\">\u00a0<img loading=\"lazy\" decoding=\"async\" class=\"alignleft size-full wp-image-459\" src=\"http:\/\/shagya-arab-noric.com\/wp-content\/uploads\/2016\/09\/upl_01.jpg\" alt=\"upl_01\" width=\"410\" height=\"514\" srcset=\"https:\/\/shagya-arab-noric.com\/wp-content\/uploads\/2016\/09\/upl_01.jpg 410w, https:\/\/shagya-arab-noric.com\/wp-content\/uploads\/2016\/09\/upl_01-239x300.jpg 239w\" sizes=\"auto, (max-width: 410px) 100vw, 410px\" \/><\/td>\n<\/tr>\n<tr>\n<td style=\"width: 50%; vertical-align: top;\">Hongre Kelvin<\/td>\n<td style=\"vertical-align: top;\">\u00a0Hongre Sab<\/td>\n<\/tr>\n<\/tbody>\n<\/table>\n<p>&nbsp;<\/p>","protected":false},"excerpt":{"rendered":"<p>L\u0653\u2019APPLICATION DE NOS CHEVAUX Nos chevaux se font valoir comme des chevaux de service et de travail, des chevaux de toute la gamme de disciplines sportives et de r\u00e9cr\u00e9ation Attelage de mariage de quatre chevaux CHEVAUX DE TRAVAIL Le haras Jen\u00edkov est l\u00b4un des plus importants \u00e9leveurs de Noriker en R\u00e9publique Tch\u00e8que. Le poids moins [&hellip;]<\/p>\n","protected":false},"author":1,"featured_media":57,"parent":0,"menu_order":0,"comment_status":"closed","ping_status":"closed","template":"","meta":{"_acf_changed":false,"footnotes":""},"class_list":["post-28","page","type-page","status-publish","has-post-thumbnail","hentry"],"acf":[],"aioseo_notices":[],"_links":{"self":[{"href":"https:\/\/shagya-arab-noric.com\/fr\/wp-json\/wp\/v2\/pages\/28","targetHints":{"allow":["GET"]}}],"collection":[{"href":"https:\/\/shagya-arab-noric.com\/fr\/wp-json\/wp\/v2\/pages"}],"about":[{"href":"https:\/\/shagya-arab-noric.com\/fr\/wp-json\/wp\/v2\/types\/page"}],"author":[{"embeddable":true,"href":"https:\/\/shagya-arab-noric.com\/fr\/wp-json\/wp\/v2\/users\/1"}],"replies":[{"embeddable":true,"href":"https:\/\/shagya-arab-noric.com\/fr\/wp-json\/wp\/v2\/comments?post=28"}],"version-history":[{"count":35,"href":"https:\/\/shagya-arab-noric.com\/fr\/wp-json\/wp\/v2\/pages\/28\/revisions"}],"predecessor-version":[{"id":748,"href":"https:\/\/shagya-arab-noric.com\/fr\/wp-json\/wp\/v2\/pages\/28\/revisions\/748"}],"wp:featuredmedia":[{"embeddable":true,"href":"https:\/\/shagya-arab-noric.com\/fr\/wp-json\/wp\/v2\/media\/57"}],"wp:attachment":[{"href":"https:\/\/shagya-arab-noric.com\/fr\/wp-json\/wp\/v2\/media?parent=28"}],"curies":[{"name":"wp","href":"https:\/\/api.w.org\/{rel}","templated":true}]}}