{"id":24,"date":"2016-09-21T20:11:54","date_gmt":"2016-09-21T18:11:54","guid":{"rendered":"http:\/\/shagya-arab-noric.com\/?page_id=24"},"modified":"2018-10-28T17:19:11","modified_gmt":"2018-10-28T16:19:11","slug":"prodej-koni","status":"publish","type":"page","link":"https:\/\/shagya-arab-noric.com\/fr\/prodej-koni\/","title":{"rendered":"Vente de chevaux"},"content":{"rendered":"<p><\/p>\n<h1>VENTE DE CHEVAUX<\/h1>\n<h2>VENTE DE CHEVAUX DE RACES NORIKER ET ARABE SHAGYA<\/h2>\n<p>Nous offrons des chevaux de toutes les cat\u00e9gories \u2013 pouliches, poulains de 1 \u2013 3 ans, de jeunes chevaux et des juments plus \u00e2g\u00e9es.<\/p>\n<h2>INFORMATIONS DE VENTE<\/h2>\n<p>Informations plus pr\u00e9cises de chevaux offerts<br \/>\nB\u00e1ra Cermanov\u00e1<br \/>\ne-mail: bara.cermanova@mkinet.cz<\/p>\n<h3>LA PR\u00c9SENTATION DE CHEVAUX VOUS TROUVEREZ SUR LE SITE<\/h3>\n<table style=\"width: 100%;\">\n<tbody>\n<tr>\n<td><a href=\"http:\/\/hrebcin-jenikov.cz\/prodej-koni\/\"><img loading=\"lazy\" decoding=\"async\" class=\"alignleft size-full wp-image-421\" src=\"http:\/\/shagya-arab-noric.com\/wp-content\/uploads\/2016\/09\/www_jenikov_01.jpg\" alt=\"www_jenikov_01\" width=\"836\" height=\"21\" srcset=\"https:\/\/shagya-arab-noric.com\/wp-content\/uploads\/2016\/09\/www_jenikov_01.jpg 836w, https:\/\/shagya-arab-noric.com\/wp-content\/uploads\/2016\/09\/www_jenikov_01-300x8.jpg 300w, https:\/\/shagya-arab-noric.com\/wp-content\/uploads\/2016\/09\/www_jenikov_01-768x19.jpg 768w\" sizes=\"auto, (max-width: 836px) 100vw, 836px\" \/><\/a><\/td>\n<\/tr>\n<\/tbody>\n<\/table>\n<h3>CONDITIONS DE VENTE DE CHEVAUX<\/h3>\n<p>Au cas o\u00f9 le client choisit un cheval chez nous, un contrat est r\u00e9dig\u00e9 et puis une avance est vers\u00e9e. Apr\u00e8s les tests sanguins un certificat v\u00e9t\u00e9rinaire pour le transport est livr\u00e9 et le cheval est pr\u00e9par\u00e9 \u00e0 la livraison. Tous les chevaux vendus obtiennent un certificat d\u00b4origine de \u00daECHK Slati\u0148any et le livret de cheval, y compris le certificat v\u00e9t\u00e9rinaire<br \/>\n\u00c0 la demande du client nous appliquons une puce au cheval. Nous sommes pr\u00eat \u00e0 assurer le transport si c\u00b4est convenu.<\/p>\n<h3>NOUS PROPOSONS \u00c0 LA VENTE DES CHEVAUX INITI\u00c9S<\/h3>\n<p>Cela signifie qu\u2019un Noriker initi\u00e9 sait marcher en paire attel\u00e9 \u00e0 la voiture, seul attel\u00e9 \u00e0 la luge \u00e9ventuellement sous la selle. Les chevaux sont dress\u00e9s tout le temps.<br \/>\nNous dressons des arabes shagyas depuis l\u2019\u00e2ge de 4 ans en attelage l\u00e9ger et sous la selle.<\/p>\n<h3>NOS CHEVAUX DANS LE MONDE<\/h3>\n<p>Nos chevaux servent non seulement en R\u00e9publique Tch\u00e8que, mais aussi en Slovaquie, en Allemagne et en Gr\u00e8ce.<\/p>\n<p>Nos chevaux en France :<br \/>\nCindy Munier<br \/>\n17210 M\u00e9rignac, Poitou-Charentes, France<br \/>\n<a href=\"chevalnoriker@yahoo.fr\">e-mail: chevalnoriker@yahoo.fr<\/a><\/p>\n<table style=\"width: 100%;\">\n<tbody>\n<tr>\n<td style=\"text-align: left;\"><img loading=\"lazy\" decoding=\"async\" class=\"alignleft size-full wp-image-393\" src=\"http:\/\/shagya-arab-noric.com\/wp-content\/uploads\/2016\/09\/cindy_01.jpg\" alt=\"cindy_01\" width=\"411\" height=\"313\" srcset=\"https:\/\/shagya-arab-noric.com\/wp-content\/uploads\/2016\/09\/cindy_01.jpg 411w, https:\/\/shagya-arab-noric.com\/wp-content\/uploads\/2016\/09\/cindy_01-300x228.jpg 300w\" sizes=\"auto, (max-width: 411px) 100vw, 411px\" \/><\/td>\n<\/tr>\n<\/tbody>\n<\/table>\n<p><\/p>","protected":false},"excerpt":{"rendered":"<p>VENTE DE CHEVAUX VENTE DE CHEVAUX DE RACES NORIKER ET ARABE SHAGYA Nous offrons des chevaux de toutes les cat\u00e9gories \u2013 pouliches, poulains de 1 \u2013 3 ans, de jeunes chevaux et des juments plus \u00e2g\u00e9es. INFORMATIONS DE VENTE Informations plus pr\u00e9cises de chevaux offerts B\u00e1ra Cermanov\u00e1 e-mail: bara.cermanova@mkinet.cz LA PR\u00c9SENTATION DE CHEVAUX VOUS TROUVEREZ [&hellip;]<\/p>\n","protected":false},"author":1,"featured_media":60,"parent":0,"menu_order":0,"comment_status":"closed","ping_status":"closed","template":"","meta":{"_acf_changed":false,"footnotes":""},"class_list":["post-24","page","type-page","status-publish","has-post-thumbnail","hentry"],"acf":[],"aioseo_notices":[],"_links":{"self":[{"href":"https:\/\/shagya-arab-noric.com\/fr\/wp-json\/wp\/v2\/pages\/24","targetHints":{"allow":["GET"]}}],"collection":[{"href":"https:\/\/shagya-arab-noric.com\/fr\/wp-json\/wp\/v2\/pages"}],"about":[{"href":"https:\/\/shagya-arab-noric.com\/fr\/wp-json\/wp\/v2\/types\/page"}],"author":[{"embeddable":true,"href":"https:\/\/shagya-arab-noric.com\/fr\/wp-json\/wp\/v2\/users\/1"}],"replies":[{"embeddable":true,"href":"https:\/\/shagya-arab-noric.com\/fr\/wp-json\/wp\/v2\/comments?post=24"}],"version-history":[{"count":46,"href":"https:\/\/shagya-arab-noric.com\/fr\/wp-json\/wp\/v2\/pages\/24\/revisions"}],"predecessor-version":[{"id":767,"href":"https:\/\/shagya-arab-noric.com\/fr\/wp-json\/wp\/v2\/pages\/24\/revisions\/767"}],"wp:featuredmedia":[{"embeddable":true,"href":"https:\/\/shagya-arab-noric.com\/fr\/wp-json\/wp\/v2\/media\/60"}],"wp:attachment":[{"href":"https:\/\/shagya-arab-noric.com\/fr\/wp-json\/wp\/v2\/media?parent=24"}],"curies":[{"name":"wp","href":"https:\/\/api.w.org\/{rel}","templated":true}]}}