{"id":2,"date":"2016-09-20T19:21:49","date_gmt":"2016-09-20T17:21:49","guid":{"rendered":"http:\/\/shagya-arab-noric.com\/?page_id=2"},"modified":"2016-10-27T19:40:28","modified_gmt":"2016-10-27T17:40:28","slug":"o-nas","status":"publish","type":"page","link":"https:\/\/shagya-arab-noric.com\/fr\/","title":{"rendered":"Haras"},"content":{"rendered":"<p><\/p>\n<h1>HARAS JEN\u00cdKOV- LE PLUS GRAND \u00c9LEVAGE DES CHEVAUX DES RACES \u00a0SHAGYA ET NORIK EN R\u00c9PUBLIQUE TCH\u00c8QUE<\/h1>\n<h2>L\u00b4HISTOIRE DU HARAS<\/h2>\n<p>Le haras Jen\u00edkov, soci\u00e9t\u00e9 en \u00a0nom collectif, \u00a0date de 1992 o\u00f9 on a achet\u00e9 le troupeau de base de 35 juments Noriker. En m\u00eame temps on a achet\u00e9 du haras Topol\u010dianky 2 juments Arabes Shagya. Ainsi on a pos\u00e9 la base de l\u00b4\u00e9levage de chevaux arabes Shagya et des Noriker \u00e0 Jen\u00edkov. Plus tard nous avons achet\u00e9 des \u00e9talons &#8211; 3225Koheilan I-CZ de la Slovaquie et 657 Tango-Vulk\u00e1n de l\u00b4Autriche pour \u00e9largir le fond de sang de juments. \u00a0Aujourd\u00b4hui, les troupeaux \u00a0de deux races sont le plus grand \u00e9levage \u00a0en R\u00e9publique Tch\u00e8que. Le haras dispose \u00e0 peu pr\u00e8s de 160 hectares de terres qui servent surtout au nourissement de chevaux. Les chevaux de tous les \u00e2ges sont dans les p\u00e2turages pendant toute la saison de p\u00e2turages ce qui est n\u00e9cessaire pour le bon \u00e9levage et pour l\u00b4\u00e9tat excellent de sant\u00e9 de chevaux.<\/p>\n<table style=\"width: 100%;\">\n<tbody>\n<tr>\n<td><img loading=\"lazy\" decoding=\"async\" class=\"alignleft size-full wp-image-479\" src=\"http:\/\/shagya-arab-noric.com\/wp-content\/uploads\/2016\/09\/stado_30.jpg\" alt=\"stado_30\" width=\"836\" height=\"412\" srcset=\"https:\/\/shagya-arab-noric.com\/wp-content\/uploads\/2016\/09\/stado_30.jpg 836w, https:\/\/shagya-arab-noric.com\/wp-content\/uploads\/2016\/09\/stado_30-300x148.jpg 300w, https:\/\/shagya-arab-noric.com\/wp-content\/uploads\/2016\/09\/stado_30-768x378.jpg 768w\" sizes=\"auto, (max-width: 836px) 100vw, 836px\" \/><\/td>\n<\/tr>\n<tr>\n<td>xx<\/td>\n<\/tr>\n<\/tbody>\n<\/table>\n<p>&nbsp;<\/p>\n<h2>ADH\u00c9SION \u00c0 L\u00b4UNION DES \u00c9LEVEURS DES ARABES SHAGYA EN R\u00c9PUBLIQUE TCH\u00c8QUE<\/h2>\n<p>Le haras Jen\u00edkov est l\u00b4un des fondateurs de l\u00b4Union des \u00e9leveurs des Arabes Shagya en R\u00e9publique Tch\u00e8que. L\u00b4Union est une association d\u00b4\u00e9leveurs accr\u00e9dit\u00e9e, charg\u00e9e par le Minist\u00e8re de l\u00b4Agriculture de la gestion du livre de reproduction. L\u00b4Union garantit aussi le niveau de l\u00b4\u00e9levage de cette race. Elle est membre de l\u00b4ISG, association internationale de l\u00b4\u00e9levage de cette race en Europe. Depuis 1993 l\u00b4Union organise chaque ann\u00e9e le concours national de chevaux de race. Les juges de ces concours sont des fonctionnaires de l\u00b4 ISG. Le haras Jen\u00edkov se pr\u00e9sente aussi \u00e0 ces concours.<\/p>\n<p><a href=\"http:\/\/www.shagya.wz.cz\">www.shagya.wz.cz<\/a><\/p>\n<table style=\"height: 37px;\" width=\"100%\">\n<tbody>\n<tr>\n<td style=\"width: 120px;\"><a href=\"http:\/\/shagya-arab-noric.com\/wp-content\/uploads\/2016\/09\/shagya-arab-zapis_tb.jpg\"><img loading=\"lazy\" decoding=\"async\" class=\"alignnone wp-image-100 size-full\" src=\"http:\/\/shagya-arab-noric.com\/wp-content\/uploads\/2016\/09\/shagya-arab-zapis_tb.jpg\" alt=\"shagya-arab-zapis_tb\" width=\"411\" height=\"274\" srcset=\"https:\/\/shagya-arab-noric.com\/wp-content\/uploads\/2016\/09\/shagya-arab-zapis_tb.jpg 411w, https:\/\/shagya-arab-noric.com\/wp-content\/uploads\/2016\/09\/shagya-arab-zapis_tb-300x200.jpg 300w\" sizes=\"auto, (max-width: 411px) 100vw, 411px\" \/><\/a><\/td>\n<td style=\"width: 120px;\"><a href=\"http:\/\/shagya-arab-noric.com\/wp-content\/uploads\/2016\/09\/shagya-arab_Samota_tb.jpg\"><img loading=\"lazy\" decoding=\"async\" class=\"alignnone wp-image-101 size-full\" src=\"http:\/\/shagya-arab-noric.com\/wp-content\/uploads\/2016\/09\/shagya-arab_Samota_tb.jpg\" alt=\"shagya-arab_samota_tb\" width=\"411\" height=\"273\" srcset=\"https:\/\/shagya-arab-noric.com\/wp-content\/uploads\/2016\/09\/shagya-arab_Samota_tb.jpg 411w, https:\/\/shagya-arab-noric.com\/wp-content\/uploads\/2016\/09\/shagya-arab_Samota_tb-300x199.jpg 300w\" sizes=\"auto, (max-width: 411px) 100vw, 411px\" \/><\/a><\/td>\n<\/tr>\n<tr>\n<td style=\"width: 120px; vertical-align: top;\">Inscription de juments Arabe Shagya de notre \u00e9levage dans le livre de reproduction<\/td>\n<td style=\"width: 120px; vertical-align: top;\">Le 21e concours national de shagyas au haras de Tluma\u010dov en 2013. \u00a0La jument \u00a0Kapka CZ\u2013Sh\u2013A-250 \u00a0 a remport\u00e9 la 2e place en cat\u00e9gorie de juments de 8 &#8211; 11 ans<\/td>\n<\/tr>\n<\/tbody>\n<\/table>\n<h2>ADH\u00c9SION \u00c0 L\u00b4UNION DES \u00c9LEVEURS DES NORIKER, DES NORIKER SIL\u00c9SIENS ET DES BELGIQUES TCH\u00c9CO &#8211; \u00a0MORAVIENS.<\/h2>\n<p>Le haras Jen\u00edkov a particip\u00e9 \u00e0 la fondation de l\u00b4Union des \u00e9leveurs des chevaux \u00e0 sang froid \u00e0 Slati\u0148any en 1995. Les \u00e9leveurs ont d\u00e9cid\u00e9 que l\u00b4\u00e9levage de chevaux \u00e0 sang froid sera divis\u00e9 en 3 races ind\u00e9pendantes de Noriker, de Noriker sil\u00e9siens et de Belgiques tch\u00e9co &#8211; moraviens. Aujourd\u2019hui, ces \u00e9leveurs sont membres de l\u00b4Union des \u00e9leveurs des Noriker, des Noriker sil\u00e9siens et des Belgiques tch\u00e9co \u2013 moraviens en R\u00e9publique Tch\u00e8que<\/p>\n<p><a href=\"http:\/\/www.schchk.cz\">www.schchk.cz<\/a><\/p>\n<p>Cette union est membre de l\u00b4Association des Unions des \u00e9leveurs des chevaux \u00e0 sang froid, ASCHK \u010cR, sur son site internet www.aschchk.cz est disponible le livre de reproduction<\/p>\n<p><a href=\"http:\/\/www.aschk.cz\">www.aschk.cz<\/a><\/p>\n<p>Le haras Jen\u00edkov a d\u00e9cid\u00e9 d\u00e8s le d\u00e9but d\u00b4\u00e9lever des Noriker. \u00c0 nos jours, il est avec son troupeau de base d\u00b4\u00e0 peu pr\u00e8s 20 m\u00e8res le plus grand \u00e9levage concentr\u00e9 en R\u00e9publique Tch\u00e8que<br \/>\nLe haras Jen\u00edkov participe r\u00e9guli\u00e8rement au championnat national de juments Noriker de 3 ans qui a lieu \u00e0 Pardubice dans le cadre de l\u00b4exposition \u201eChevaux en action\u201c.<\/p>\n<table style=\"width: 100%;\">\n<tbody>\n<tr>\n<td style=\"width: 50%;\"><a href=\"http:\/\/shagya-arab-noric.com\/wp-content\/uploads\/2016\/09\/Noric-Beseda-Pardubice_tb_01.jpg\"><img loading=\"lazy\" decoding=\"async\" class=\"alignnone wp-image-133 size-full\" src=\"http:\/\/shagya-arab-noric.com\/wp-content\/uploads\/2016\/09\/Noric-Beseda-Pardubice_tb_01.jpg\" alt=\"noric-beseda-pardubice_tb_01\" width=\"397\" height=\"400\" srcset=\"https:\/\/shagya-arab-noric.com\/wp-content\/uploads\/2016\/09\/Noric-Beseda-Pardubice_tb_01.jpg 397w, https:\/\/shagya-arab-noric.com\/wp-content\/uploads\/2016\/09\/Noric-Beseda-Pardubice_tb_01-150x150.jpg 150w, https:\/\/shagya-arab-noric.com\/wp-content\/uploads\/2016\/09\/Noric-Beseda-Pardubice_tb_01-298x300.jpg 298w\" sizes=\"auto, (max-width: 397px) 100vw, 397px\" \/><\/a><\/td>\n<td style=\"width: 129px;\"><a href=\"http:\/\/shagya-arab-noric.com\/wp-content\/uploads\/2016\/09\/Noric-Raketa-Pardubice_tb_01.jpg\"><img loading=\"lazy\" decoding=\"async\" class=\"alignnone wp-image-134 size-full\" src=\"http:\/\/shagya-arab-noric.com\/wp-content\/uploads\/2016\/09\/Noric-Raketa-Pardubice_tb_01.jpg\" alt=\"noric-raketa-pardubice_tb_01\" width=\"397\" height=\"400\" srcset=\"https:\/\/shagya-arab-noric.com\/wp-content\/uploads\/2016\/09\/Noric-Raketa-Pardubice_tb_01.jpg 397w, https:\/\/shagya-arab-noric.com\/wp-content\/uploads\/2016\/09\/Noric-Raketa-Pardubice_tb_01-150x150.jpg 150w, https:\/\/shagya-arab-noric.com\/wp-content\/uploads\/2016\/09\/Noric-Raketa-Pardubice_tb_01-298x300.jpg 298w\" sizes=\"auto, (max-width: 397px) 100vw, 397px\" \/><\/a><\/td>\n<\/tr>\n<tr>\n<td style=\"width: 201px;\">Jument, 43\/357 Beseda vainqueur du Championnat de juments Noriker en 2012<\/td>\n<td style=\"width: 129px;\">Jument, 43\/492 Raketa vainqueur du Championnat de juments Noriker en 2014<\/td>\n<\/tr>\n<\/tbody>\n<\/table>\n<h2>CARACT\u00c9RISTIQUE DE RACES NORIKER ET ARABE SHAGYA<\/h2>\n<h3>NORIKER ET LE CHEVAL POUR LE TRAVAIL EN AGRICULTURE ET DANS LA FOR\u00caT, BON POUR LE LOISIR EN SELLE, L\u00b4ATTELAGE ET POUR LA HIPPOR\u00c9HABILITATION<\/h3>\n<p>Le cheval Noriker est nomm\u00e9 selon la province romaine Noricum qui se trouvait dans la r\u00e9gion des Alpes. On y a utilisait ce cheval dans l\u00b4agriculture de montagnes et pour le transport dans le terrain de montagne difficile.<br \/>\nL\u00b4objectif de l\u00b4\u00e9levage de cette race est un cheval \u00e0 sang froid adult \u00e0 l\u00b4\u00e2ge de 3 ans de cadre rectangulaire plut\u00f4t grande ou grande avec une bonne musculation. La t\u00eate plus lourde et puissante avec un \u0153il expressif, encolure pos\u00e9e \u00e0 mi-hauteur avec le garrot un peu expressif, scapule bien angulaire , poitrail ample et mi- profond, long et ovale avec la ligne sup\u00e9rieure d\u00e9tendue de longueur moyenne, reins solides de longueur moyenne , croupe puissante de largeur et de longueur moyenne l\u00e9g\u00e8rement descendante. Fondement fort, osseux et sec avec peu de poils. Sabots solides, souples bien form\u00e9s. Le Noriker a des articulations moins expressives avec un petit indice de lymphaticit\u00e9, talon est court et solide. Un Noriker aime travailler, il est facile \u00e0 manier, de temp\u00e9rament convenable, facile \u00e0 nourrir, mobile aux foul\u00e9es moyennes. La (KVH) toise minimale pour l\u00b4inscription dans le livre de reproduction est 155 cm pour les juments et 156 pour les \u00e9talons.<br \/>\nLe poids moins important et le temp\u00e9rament plus vif assurent la grande libert\u00e9 de mouvement et font ce cheval le plus apte pour le travail dans les terrains difficiles ou il peut donner sa performance maximale. Il r\u00e9siste bien au temps mauvais, sa constitution est dure, il est de bon caract\u00e8re. L\u00b4application de ce cheval est particuli\u00e8rement dans la for\u00eat. Il est bon pour le travail en agriculture, pour le loisir, l\u00b4attelage et l\u00b4hippor\u00e9habilitation<\/p>\n<h3>ARABE SHAGYA \u2013 CHEVAUX POUR LE SPORT \u00c9QUESTRE, PARTICULI\u00c8REMENT POUR L\u00b4ENDURANCE<\/h3>\n<p>Arabe Shagya est une race originaire du cheval arabe. La race est reconnue depuis 1987, mais sa reproduction syst\u00e9matique remonte loin au pass\u00e9. Cette race n\u00b4est que de 23 ans moins \u00e2g\u00e9e que le pur-sang anglais. Avant, il \u00e9tait nomm\u00e9 comme pur-sang arabe ou demi-sang oriental. Ce sont les haras autrichiens-hongrois B\u00e1bolna et Radovec qui se sont occup\u00e9s de l\u00b4\u00e9levage des chevaux arabes. Parmi les races \u00e9lev\u00e9es, il y avait une qui a beaucoup d\u00e9pass\u00e9 les autres, c\u2019\u00e9tait la race Shagya. La ligne Shagya a \u00e9t\u00e9 commenc\u00e9e par l\u00b4\u00e9talon arabe Shagya, n\u00e9 en Syrie en 1830. Celui-ci a \u00e9t\u00e9 achet\u00e9 des B\u00e9douins pour le haras B\u00e1bolna.<br \/>\nAujourd\u00b4hui, les \u00e9leveurs d\u2019Arabes Shagya sont r\u00e9unis dans l\u00b4Union des \u00e9leveurs d\u00b4Arabes Shagya. Il est \u00e9lev\u00e9 sur la base de 21 familles et l\u00b4\u00e9levage est influenc\u00e9 par 11 lignes d\u00b4\u00e9talons. Un Arabe Shagya en arbre g\u00e9n\u00e9alogique en 4e g\u00e9n\u00e9ration de 16 anc\u00eatres ne doit avoir plus que 9 pur-sang arabes (les autres doivent \u00eatre dirig\u00e9s en familles correspondantes). La race Arabe Shagya doit se distinguer sensiblement d\u00b4un pur-sang arabe par sa grandeur, son type et son cadre. Il devrait \u00eatre agr\u00e9able \u00e0 regarder mais avec la taille un peu plus grande, \u00e9quilibr\u00e9e avec l\u00b4expression de bonne race. Il devrait avoir l\u00b4encolure bien form\u00e9e, la ligne sup\u00e9rieure frappante, la croupe longue et la queue port\u00e9e haut. Ses membres devraient \u00eatre osseux et secs en articulations. On accentue beaucoup la m\u00e9canique du mouvement ample, \u00e9lastique et correcte en pas, trot et galop. Cette race se distingue de sa duret\u00e9, son endurance et sa r\u00e9sistance et sa polyvalence. Pour \u00eatre inscrites dans le livre de reproduction les juments doivent avoir la toise au garrot minimale (KVH) 152 cm et le tour de canon 18,5 cm, les \u00e9talons la toise au garrot 154 cm et le tour de canon 20 cm.<br \/>\nA nos jours la race Arabe Shagya est utilis\u00e9e dans toutes les branches de sport \u00e9questre, particuli\u00e8rement en endurance.<\/p>\n<table style=\"width: 100%;\">\n<tbody>\n<tr>\n<td style=\"width: 50%; vertical-align: top;\"><img loading=\"lazy\" decoding=\"async\" class=\"alignleft size-full wp-image-492\" src=\"http:\/\/shagya-arab-noric.com\/wp-content\/uploads\/2016\/09\/shagya-arab_03.jpg\" alt=\"shagya_30\" width=\"411\" height=\"371\" srcset=\"https:\/\/shagya-arab-noric.com\/wp-content\/uploads\/2016\/09\/shagya-arab_03.jpg 411w, https:\/\/shagya-arab-noric.com\/wp-content\/uploads\/2016\/09\/shagya-arab_03-300x271.jpg 300w\" sizes=\"auto, (max-width: 411px) 100vw, 411px\" \/><\/td>\n<td style=\"width: 50%; vertical-align: top;\"><a href=\"http:\/\/shagya-arab-noric.com\/wp-content\/uploads\/2016\/09\/shagya-arab-Kapka_tb2.jpg\"><img loading=\"lazy\" decoding=\"async\" class=\"alignleft wp-image-130 size-full\" src=\"http:\/\/shagya-arab-noric.com\/wp-content\/uploads\/2016\/09\/shagya-arab-Kapka_tb2.jpg\" alt=\"shagya arab Kapka_tb2\" width=\"411\" height=\"371\" srcset=\"https:\/\/shagya-arab-noric.com\/wp-content\/uploads\/2016\/09\/shagya-arab-Kapka_tb2.jpg 411w, https:\/\/shagya-arab-noric.com\/wp-content\/uploads\/2016\/09\/shagya-arab-Kapka_tb2-300x271.jpg 300w\" sizes=\"auto, (max-width: 411px) 100vw, 411px\" \/><\/a><\/td>\n<\/tr>\n<tr>\n<td style=\"width: 50%; vertical-align: top;\">Valach OB3-19-Sh Valda<\/td>\n<td style=\"width: 50%; vertical-align: top;\">Le 18e concours national des shagyas au haras P\u00edsek en 2010. La jument Samota CZ\u2013Sh\u2013A-311 \u00a0a remport\u00e9 la 1\u00e8re place en cat\u00e9gorie de juments de 4 ans<\/td>\n<\/tr>\n<\/tbody>\n<\/table>\n<p>&nbsp;<\/p>","protected":false},"excerpt":{"rendered":"<p>HARAS JEN\u00cdKOV- LE PLUS GRAND \u00c9LEVAGE DES CHEVAUX DES RACES \u00a0SHAGYA ET NORIK EN R\u00c9PUBLIQUE TCH\u00c8QUE L\u00b4HISTOIRE DU HARAS Le haras Jen\u00edkov, soci\u00e9t\u00e9 en \u00a0nom collectif, \u00a0date de 1992 o\u00f9 on a achet\u00e9 le troupeau de base de 35 juments Noriker. En m\u00eame temps on a achet\u00e9 du haras Topol\u010dianky 2 juments Arabes Shagya. Ainsi [&hellip;]<\/p>\n","protected":false},"author":1,"featured_media":55,"parent":0,"menu_order":0,"comment_status":"closed","ping_status":"closed","template":"","meta":{"_acf_changed":false,"footnotes":""},"class_list":["post-2","page","type-page","status-publish","has-post-thumbnail","hentry"],"acf":[],"aioseo_notices":[],"_links":{"self":[{"href":"https:\/\/shagya-arab-noric.com\/fr\/wp-json\/wp\/v2\/pages\/2","targetHints":{"allow":["GET"]}}],"collection":[{"href":"https:\/\/shagya-arab-noric.com\/fr\/wp-json\/wp\/v2\/pages"}],"about":[{"href":"https:\/\/shagya-arab-noric.com\/fr\/wp-json\/wp\/v2\/types\/page"}],"author":[{"embeddable":true,"href":"https:\/\/shagya-arab-noric.com\/fr\/wp-json\/wp\/v2\/users\/1"}],"replies":[{"embeddable":true,"href":"https:\/\/shagya-arab-noric.com\/fr\/wp-json\/wp\/v2\/comments?post=2"}],"version-history":[{"count":61,"href":"https:\/\/shagya-arab-noric.com\/fr\/wp-json\/wp\/v2\/pages\/2\/revisions"}],"predecessor-version":[{"id":737,"href":"https:\/\/shagya-arab-noric.com\/fr\/wp-json\/wp\/v2\/pages\/2\/revisions\/737"}],"wp:featuredmedia":[{"embeddable":true,"href":"https:\/\/shagya-arab-noric.com\/fr\/wp-json\/wp\/v2\/media\/55"}],"wp:attachment":[{"href":"https:\/\/shagya-arab-noric.com\/fr\/wp-json\/wp\/v2\/media?parent=2"}],"curies":[{"name":"wp","href":"https:\/\/api.w.org\/{rel}","templated":true}]}}