{"id":14,"date":"2016-09-21T20:00:58","date_gmt":"2016-09-21T18:00:58","guid":{"rendered":"http:\/\/shagya-arab-noric.com\/?page_id=14"},"modified":"2017-09-01T12:03:59","modified_gmt":"2017-09-01T10:03:59","slug":"chov-koni","status":"publish","type":"page","link":"https:\/\/shagya-arab-noric.com\/fr\/chov-koni\/","title":{"rendered":"\u00c9levage de chevaux"},"content":{"rendered":"<p><\/p>\n<h1>\u00c9LEVAGE DE CHEVAUX &#8211; NORIK, ARABE SHAGYA<\/h1>\n<h2>\u00c9LEVAGE DE CHEVAUX<\/h2>\n<p>Le haras Jen\u00edkov s\u00b4occupe de l\u00b4\u00e9levage de Noriker et d\u00b4Arabes Shagya. Dans la reproduction sont actifs 3\u20135 \u00e9talons dans l\u00b4ann\u00e9e. L\u00b4accouplement se fait \u201e de la main\u201c. On examine des juments par la sonographie 16 jours apr\u00e8s le dernier accouplement. Les poulains naissent en f\u00e9vrier, en mars et en \u00a0avril en \u00e9curie libre dans la liti\u00e8re profonde. La plupart des accouchements viennent spontan\u00e9ment sans assistance de l\u00b4homme. Si des poulains ni des juments n\u00b4ont de complications pendant les premi\u00e8res heures apr\u00e8s l\u00b4accouchement, ils passent le maximum de temps ensemble en p\u00e2turages. Le sevrage se fait en m\u00eame temps pour tous les poulains \u00e0 l\u2019\u00e2ge de 5 mois de minimum. Les poulains sont marqu\u00e9s par les marques de fer avant le sevrage. Les Noriker re\u00e7oivent \u00e0 part du num\u00e9ro personnel aussi la marque de propri\u00e9taire sur la cuisse droite.<\/p>\n<p><img loading=\"lazy\" decoding=\"async\" class=\"alignnone size-full wp-image-139\" src=\"http:\/\/shagya-arab-noric.com\/wp-content\/uploads\/2016\/09\/shagya-arab_stado_02_B.jpg\" alt=\"shagya-arab_stado_02_b\" width=\"836\" height=\"206\" srcset=\"https:\/\/shagya-arab-noric.com\/wp-content\/uploads\/2016\/09\/shagya-arab_stado_02_B.jpg 836w, https:\/\/shagya-arab-noric.com\/wp-content\/uploads\/2016\/09\/shagya-arab_stado_02_B-300x74.jpg 300w, https:\/\/shagya-arab-noric.com\/wp-content\/uploads\/2016\/09\/shagya-arab_stado_02_B-768x189.jpg 768w\" sizes=\"auto, (max-width: 836px) 100vw, 836px\" \/><\/p>\n<h2>NORIK<\/h2>\n<p>Dans le troupeau de Noriker il y a la majorit\u00e9 de bais avec peu de marques, mais il y a aussi des noirs et des alezans fonc\u00e9. \u00c0 Jen\u00edkov \u00e9taient actifs en reproduction \u00e9talons: en 1987 \u00a0137 Neugot de \u010cimelice, en 1988-90 223 Brahmik\u00e1n z Nem.-3, en 1991-93 180 Hub\u00edr &#8211; 20 , en 1992-3 280 Hubar, en 1994 2298 Fu\u0161er, en1995 2296 Hub\u00edr -13 et 552 Hul\u00e1n et 2413 Gopar, en 1996-97 303 Gofun, en 1997-2002 657 Tango &#8211; Vulk\u00e1n, en 2003-04 444 Neugot I &#8211; 20, en 2004-13 946 Tann \u2013 Sedrik, en 2005 729 Dir, en 2006-08 964 Schifon, en 2009-2012 1331 Sargon , en 2013-14 \u00a01441 Nero Be\u010dvansk\u00fd. Notre \u00e9levage a \u00e9t\u00e9 beaucoup influenc\u00e9 par l\u00b4\u00e9talon noir 657 Tango &#8211; Vulk\u00e1n achet\u00e9 en Autriche qui \u00e9tait tr\u00e8s f\u00e9cond. Il donne \u00e0 ses descendants un tr\u00e8s bon caract\u00e8re et la volont\u00e9 travailler. Beaucoup de ses filles font partie du troupeau de base de notre haras et dans la reproduction est actif aussi son fils 946 Tann-Sedrik. D\u00b4origine, les familles de notre \u00e9levage descendent de 4 juments achet\u00e9es de l\u00b4\u00e9levage de L\u00e1ny et d\u2019autres juments achet\u00e9es de l\u00b4\u00e9levage de pays. Le troupeau de Noriker compte \u00e0 peu pr\u00e8s 60 chevaux.<\/p>\n<table style=\"width: 100%;\">\n<tbody>\n<tr>\n<td><img loading=\"lazy\" decoding=\"async\" class=\"alignleft size-full wp-image-486\" src=\"http:\/\/shagya-arab-noric.com\/wp-content\/uploads\/2016\/09\/hribata-norik.jpg\" alt=\"hribata-norik\" width=\"836\" height=\"344\" srcset=\"https:\/\/shagya-arab-noric.com\/wp-content\/uploads\/2016\/09\/hribata-norik.jpg 836w, https:\/\/shagya-arab-noric.com\/wp-content\/uploads\/2016\/09\/hribata-norik-300x123.jpg 300w, https:\/\/shagya-arab-noric.com\/wp-content\/uploads\/2016\/09\/hribata-norik-768x316.jpg 768w\" sizes=\"auto, (max-width: 836px) 100vw, 836px\" \/><\/td>\n<\/tr>\n<tr>\n<td>Poulains Noriker<\/td>\n<\/tr>\n<\/tbody>\n<\/table>\n<h2>ARABE SHAGYA<\/h2>\n<p>Le troupeau de base d\u00b4Arabes Shagya compte \u00e0 peu pr\u00e8s 25 juments. La plupart des Arabes shagya sont blanc \u00e0 l\u00b4exception de quelques bais. Notre \u00e9levage provient de celui du Haras national de Topol\u010dianky. Les juments appartiennent aux familles no.1 40-LADY SARAH XX, no.6-MILORDKA, no.8- 97\u201c\u00e9levage libre\u201c, \u010d.12-155 BARBARINO IX. En 1995 nous avons achet\u00e9 de la Slovaquie l\u00b4\u00e9talon de 20 ans 3225 (Koheilan \u2013 cz) qui \u00e9tait actif en reproduction 4 ans en influen\u00e7ant beaucoup notre \u00e9levage. Puis ils sont actifs en reproduction des \u00e9talons reproducteurs de notre \u00e9levage confirm\u00e9s dans le sport d\u00b4attelage : depuis 1998 699 Siglavy Bagdady II-CZ (Kadet), depuis 2000 780 O\u00b4Bajan III-CZ (Dibon), depuis 2003 925 Koheilan VII-CZ (Drak). Depuis2014 est actif l\u00b4\u00e9talon reproducteur de notre \u00e9levage 1999Mersuch II-CZ.<br \/>\nEn plus nous avons emprunt\u00e9 des \u00e9talons : en 2004 2744 Gazal I-CZ (Alinea), en 2005 335 Kasr El Nil-20, en 2006-7 743 Dahoman I-CZ, 2008-2009 1243 Mersuch I-CZ, 2010-13 975 Koheilan VIII-CZ(Kelim).<\/p>\n<table style=\"width: 100%;\">\n<tbody>\n<tr>\n<td style=\"text-align: center;\"><img loading=\"lazy\" decoding=\"async\" class=\"alignleft size-full wp-image-153\" src=\"http:\/\/shagya-arab-noric.com\/wp-content\/uploads\/2016\/09\/shagya_vyzeh.jpg\" alt=\"shagya_vyzeh\" width=\"836\" height=\"164\" srcset=\"https:\/\/shagya-arab-noric.com\/wp-content\/uploads\/2016\/09\/shagya_vyzeh.jpg 836w, https:\/\/shagya-arab-noric.com\/wp-content\/uploads\/2016\/09\/shagya_vyzeh-300x59.jpg 300w, https:\/\/shagya-arab-noric.com\/wp-content\/uploads\/2016\/09\/shagya_vyzeh-768x151.jpg 768w\" sizes=\"auto, (max-width: 836px) 100vw, 836px\" \/><\/td>\n<\/tr>\n<\/tbody>\n<\/table>\n<p>Arabe Shagya est une race qui devient adulte assez tard. C\u00b4est pourquoi de jeunes juments sont inscrites dans le livre de reproduction en 4 \u2013 5 ans. Le dressage se fait en selle ou en attelage l\u00e9ger. Les chevaux de notre \u00e9levage participent aux concours complexes de l\u00b4attelage jusqu\u00b4au grade \u201eT\u201c. Ces concours \u00a0comprennent \u00a03 parties: dressage, \u00e9preuve de terrain \u2013 marathon et parcours \u2013 course d\u00b4habilet\u00e9 contre la montre. Les comp\u00e9titions v\u00e9rifient l\u00b4habilit\u00e9, condition physique et psychique des chevaux.<\/p>\n<table style=\"width: 100%;\">\n<tbody>\n<tr>\n<td><img loading=\"lazy\" decoding=\"async\" class=\"alignleft size-full wp-image-561\" src=\"http:\/\/shagya-arab-noric.com\/wp-content\/uploads\/2016\/09\/shagya-arab_09.jpg\" alt=\"shagya-arab_09\" width=\"836\" height=\"470\" srcset=\"https:\/\/shagya-arab-noric.com\/wp-content\/uploads\/2016\/09\/shagya-arab_09.jpg 836w, https:\/\/shagya-arab-noric.com\/wp-content\/uploads\/2016\/09\/shagya-arab_09-300x169.jpg 300w, https:\/\/shagya-arab-noric.com\/wp-content\/uploads\/2016\/09\/shagya-arab_09-768x432.jpg 768w\" sizes=\"auto, (max-width: 836px) 100vw, 836px\" \/><\/td>\n<\/tr>\n<tr>\n<td>CZ-Sh-A-296 Kety<\/td>\n<\/tr>\n<\/tbody>\n<\/table>\n<h2>ATELIER DE PR\u00c9PARATION DE MAR\u00c9CHAUX-FERRANTS<\/h2>\n<p>L\u00b4appr\u00eat de sabots fait une partie ins\u00e9parable des soins des chevaux. En 2004 le haras Jen\u00edkov est devenu atelier de pr\u00e9paration de mar\u00e9chaux-ferrants du Lyc\u00e9e professionnel d\u00b4artisanat \u00e0 Jarom\u011b\u0159.<\/p>\n<p><a href=\"http:\/\/www.podkovar-kysilka.cz\/kovarstvi.html\">http:\/\/www.podkovar-kysilka.cz\/kovarstvi.html<\/a><br \/>\n<a href=\"http:\/\/www.kovari.org\">http:\/\/www.kovari.org<\/a>\/<br \/>\n<a href=\"http:\/\/skola-jaromer.odnas.cz\/\">http:\/\/skola-jaromer.odnas.cz\/<\/a><\/p>\n<p><span style=\"color: #999999;\"><br \/>\ncategory: shagya arab \/ shagya arabian horses \/ noric \/ noriker horse<\/span><\/p>","protected":false},"excerpt":{"rendered":"<p>\u00c9LEVAGE DE CHEVAUX &#8211; NORIK, ARABE SHAGYA \u00c9LEVAGE DE CHEVAUX Le haras Jen\u00edkov s\u00b4occupe de l\u00b4\u00e9levage de Noriker et d\u00b4Arabes Shagya. Dans la reproduction sont actifs 3\u20135 \u00e9talons dans l\u00b4ann\u00e9e. L\u00b4accouplement se fait \u201e de la main\u201c. On examine des juments par la sonographie 16 jours apr\u00e8s le dernier accouplement. Les poulains naissent en f\u00e9vrier, [&hellip;]<\/p>\n","protected":false},"author":1,"featured_media":58,"parent":0,"menu_order":0,"comment_status":"closed","ping_status":"closed","template":"","meta":{"_acf_changed":false,"footnotes":""},"class_list":["post-14","page","type-page","status-publish","has-post-thumbnail","hentry"],"acf":[],"aioseo_notices":[],"_links":{"self":[{"href":"https:\/\/shagya-arab-noric.com\/fr\/wp-json\/wp\/v2\/pages\/14","targetHints":{"allow":["GET"]}}],"collection":[{"href":"https:\/\/shagya-arab-noric.com\/fr\/wp-json\/wp\/v2\/pages"}],"about":[{"href":"https:\/\/shagya-arab-noric.com\/fr\/wp-json\/wp\/v2\/types\/page"}],"author":[{"embeddable":true,"href":"https:\/\/shagya-arab-noric.com\/fr\/wp-json\/wp\/v2\/users\/1"}],"replies":[{"embeddable":true,"href":"https:\/\/shagya-arab-noric.com\/fr\/wp-json\/wp\/v2\/comments?post=14"}],"version-history":[{"count":39,"href":"https:\/\/shagya-arab-noric.com\/fr\/wp-json\/wp\/v2\/pages\/14\/revisions"}],"predecessor-version":[{"id":749,"href":"https:\/\/shagya-arab-noric.com\/fr\/wp-json\/wp\/v2\/pages\/14\/revisions\/749"}],"wp:featuredmedia":[{"embeddable":true,"href":"https:\/\/shagya-arab-noric.com\/fr\/wp-json\/wp\/v2\/media\/58"}],"wp:attachment":[{"href":"https:\/\/shagya-arab-noric.com\/fr\/wp-json\/wp\/v2\/media?parent=14"}],"curies":[{"name":"wp","href":"https:\/\/api.w.org\/{rel}","templated":true}]}}