{"id":30,"date":"2016-09-21T20:14:06","date_gmt":"2016-09-21T18:14:06","guid":{"rendered":"http:\/\/shagya-arab-noric.com\/?page_id=30"},"modified":"2016-10-27T19:40:00","modified_gmt":"2016-10-27T17:40:00","slug":"kone-pro-endurance","status":"publish","type":"page","link":"https:\/\/shagya-arab-noric.com\/de\/kone-pro-endurance\/","title":{"rendered":"Endurance"},"content":{"rendered":"<p><\/p>\n<h1>ENDURANCE<\/h1>\n<h2>SHAGYA ARAB-PFERD F\u00dcR ENDURANCE<\/h2>\n<p>Urspr\u00fcnglich wurde Shagya Arab f\u00fcr die Bedirfnisse der Offiziere der \u00f6sterreichisch-ungarischen Armee.Zur Zeit wird Shagya Arab in allen Disziplinen des Reitsportdisziplinen ausg\u00e4nitzt,und zwar wegen seiner Eigenschaften:H\u00e4rte, Widerstandsf\u00e4higkeit und Ausdauer.Er hat leicht G\u00e4nge auch im schwereren Terrain.Sein Skelett und Bemuskelung sind kr\u00e4ftiger als be idem Vollblutaraber, er hat st\u00e4rkere Beine und sehr qualitative Hufe.Shagya Araber sind sehr lebendige Pferde in der Rangliste der besten Pferde in Endurance vermehrt.<\/p>\n<table style=\"width: 100%;\">\n<tbody>\n<tr>\n<td style=\"width: 50%; text-align: left;\">\u00a0<img loading=\"lazy\" decoding=\"async\" class=\"alignleft size-full wp-image-238\" src=\"http:\/\/shagya-arab-noric.com\/wp-content\/uploads\/2016\/09\/endurance_karsen.jpg\" alt=\"endurance_karsen\" width=\"411\" height=\"478\" srcset=\"https:\/\/shagya-arab-noric.com\/wp-content\/uploads\/2016\/09\/endurance_karsen.jpg 411w, https:\/\/shagya-arab-noric.com\/wp-content\/uploads\/2016\/09\/endurance_karsen-258x300.jpg 258w\" sizes=\"auto, (max-width: 411px) 100vw, 411px\" \/><\/td>\n<td>\u00a0<img loading=\"lazy\" decoding=\"async\" class=\"alignleft size-full wp-image-451\" src=\"http:\/\/shagya-arab-noric.com\/wp-content\/uploads\/2016\/09\/endurance_matyas.jpg\" alt=\"endurance_matyas\" width=\"411\" height=\"478\" srcset=\"https:\/\/shagya-arab-noric.com\/wp-content\/uploads\/2016\/09\/endurance_matyas.jpg 411w, https:\/\/shagya-arab-noric.com\/wp-content\/uploads\/2016\/09\/endurance_matyas-258x300.jpg 258w\" sizes=\"auto, (max-width: 411px) 100vw, 411px\" \/><\/td>\n<\/tr>\n<tr>\n<td style=\"width: 50%;\">Endurance &#8211; Karsen 1<\/td>\n<td>\u00a0Endurance &#8211; Matyas<\/td>\n<\/tr>\n<\/tbody>\n<\/table>\n<h2><\/h2>\n<h2>\u00daSP\u011aCHY KON\u00cd Z NA\u0160EHO CHOVU V ENDURANCE<\/h2>\n<p>Pferde aus unserer Zucht nehmen erfogreich an Endurance teil: Karsen 1, Kevin 7, Zuchthengst 1342 Koheilan XI-CZ Split, K\u00e1non, Svoboda, D\u00e1ma 3, Drina, Dolar1, Saf\u00edr, Kalup, Svratka, Dhab (seine Mutter Lira CZ-Sh-A-161 stammt von der unsere zucht)<br \/>\nEndurance reitet man nicht nur in Sattelform, sondern auch im Gespann.Unsere Pferde haben sich gerade in diesen Disziplinen durgesetzt.8 Stuten und 3 Zuchthengste erzielten Leistung der h\u00f6sten Stufe \u201cT\u201d.<\/p>\n<p><a href=\"http:\/\/www.vytrvalost.com\">http:\/\/www.vytrvalost.com<\/a><br \/>\n<a href=\"http:\/\/www.vytrvalost.eu\">http:\/\/www.vytrvalost.eu<\/a><\/p>\n<table style=\"width: 100%;\">\n<tbody>\n<tr>\n<td style=\"width: 50%;\">\u00a0<img loading=\"lazy\" decoding=\"async\" class=\"alignleft size-full wp-image-240\" src=\"http:\/\/shagya-arab-noric.com\/wp-content\/uploads\/2016\/09\/endurance_K\u00e1non.jpg\" alt=\"endurance_kanon\" width=\"411\" height=\"284\" \/><\/td>\n<td>\u00a0<img loading=\"lazy\" decoding=\"async\" class=\"alignleft size-full wp-image-241\" src=\"http:\/\/shagya-arab-noric.com\/wp-content\/uploads\/2016\/09\/endurance_Kevin7.jpg\" alt=\"endurance_kevin7\" width=\"411\" height=\"284\" srcset=\"https:\/\/shagya-arab-noric.com\/wp-content\/uploads\/2016\/09\/endurance_Kevin7.jpg 411w, https:\/\/shagya-arab-noric.com\/wp-content\/uploads\/2016\/09\/endurance_Kevin7-300x207.jpg 300w\" sizes=\"auto, (max-width: 411px) 100vw, 411px\" \/><\/td>\n<\/tr>\n<tr>\n<td style=\"width: 50%;\">Endurance &#8211; K\u00e1non<\/td>\n<td>Endurance &#8211; Kevin 7<\/td>\n<\/tr>\n<\/tbody>\n<\/table>\n<h2><\/h2>\n<h2>LUCIE KUB\u00cdKOV\u00c1<\/h2>\n<p class=\"Standard\">Jezdkyn\u011b Lucie Kub\u00edkov\u00e1 \u00fasp\u011b\u0161n\u011b reprezentuje \u010cR ve vytrvalostn\u00edm sportu na mezin\u00e1rodn\u00ed \u00farovni.\u00a0Valach Matyas\u00a0z\u00a0na\u0161eho chovu dos\u00e1hl s Luci\u00ed Kub\u00edkovou t\u011bchto \u00fasp\u011bch\u016f.<\/p>\n<table style=\"width: 100%;\">\n<tbody>\n<tr style=\"height: 24.6563px;\">\n<td style=\"height: 24.6563px;\">2016<\/td>\n<td style=\"height: 24.6563px;\">3. m\u00edsto<\/td>\n<td style=\"height: 24.6563px;\">CEI***<\/td>\n<td style=\"height: 24.6563px;\">160 km<\/td>\n<td style=\"height: 24.6563px;\">Solt (HUN)<\/td>\n<\/tr>\n<tr style=\"height: 24px;\">\n<td style=\"height: 24px;\">2016<\/td>\n<td style=\"height: 24px;\">1. m\u00edsto<\/td>\n<td style=\"height: 24px;\">CEI2*<\/td>\n<td style=\"height: 24px;\">120 km<\/td>\n<td style=\"height: 24px;\">Kilkis (GRC)<\/td>\n<\/tr>\n<tr style=\"height: 24px;\">\n<td style=\"height: 24px;\">2015<\/td>\n<td style=\"height: 24px;\">1. m\u00edsto<\/td>\n<td style=\"height: 24px;\">CEN*<\/td>\n<td style=\"height: 24px;\">80-119 km<\/td>\n<td style=\"height: 24px;\">Lamia Poh\u00e1r vytrvalosti \u0158ecka<\/td>\n<\/tr>\n<tr style=\"height: 24px;\">\n<td style=\"height: 24px;\">2015<\/td>\n<td style=\"height: 24px;\">1. m\u00edsto<\/td>\n<td style=\"height: 24px;\">CEN*<\/td>\n<td style=\"height: 24px;\">80-119 km<\/td>\n<td style=\"height: 24px;\">Katerini (GR)<\/td>\n<\/tr>\n<tr style=\"height: 24px;\">\n<td style=\"height: 24px;\">2015<\/td>\n<td style=\"height: 24px;\">2. m\u00edsto<\/td>\n<td style=\"height: 24px;\">CEI**<\/td>\n<td style=\"height: 24px;\">120 km<\/td>\n<td style=\"height: 24px;\">Shumen (BG)<\/td>\n<\/tr>\n<\/tbody>\n<\/table>\n<table style=\"width: 100%;\">\n<tbody>\n<tr>\n<td style=\"width: 50%;\">\u00a0<img loading=\"lazy\" decoding=\"async\" class=\"alignleft size-full wp-image-443\" src=\"http:\/\/shagya-arab-noric.com\/wp-content\/uploads\/2016\/09\/endurance_lucie_kubikova_04.jpg\" alt=\"endurance_lucie_kubikova_04\" width=\"411\" height=\"284\" srcset=\"https:\/\/shagya-arab-noric.com\/wp-content\/uploads\/2016\/09\/endurance_lucie_kubikova_04.jpg 411w, https:\/\/shagya-arab-noric.com\/wp-content\/uploads\/2016\/09\/endurance_lucie_kubikova_04-300x207.jpg 300w\" sizes=\"auto, (max-width: 411px) 100vw, 411px\" \/><\/td>\n<td>\u00a0<img loading=\"lazy\" decoding=\"async\" class=\"alignleft size-full wp-image-444\" src=\"http:\/\/shagya-arab-noric.com\/wp-content\/uploads\/2016\/09\/endurance_lucie_kubikova_03.jpg\" alt=\"endurance_lucie_kubikova_03\" width=\"411\" height=\"284\" srcset=\"https:\/\/shagya-arab-noric.com\/wp-content\/uploads\/2016\/09\/endurance_lucie_kubikova_03.jpg 411w, https:\/\/shagya-arab-noric.com\/wp-content\/uploads\/2016\/09\/endurance_lucie_kubikova_03-300x207.jpg 300w\" sizes=\"auto, (max-width: 411px) 100vw, 411px\" \/><\/td>\n<\/tr>\n<tr>\n<td style=\"width: 50%;\"><\/td>\n<td><\/td>\n<\/tr>\n<\/tbody>\n<\/table>\n<h2><\/h2>\n<h2><\/h2>\n<p><span style=\"color: #999999;\">category: endurance \/ shagya arab-pferd f\u00fcr endurance<\/span><\/p>","protected":false},"excerpt":{"rendered":"<p>ENDURANCE SHAGYA ARAB-PFERD F\u00dcR ENDURANCE Urspr\u00fcnglich wurde Shagya Arab f\u00fcr die Bedirfnisse der Offiziere der \u00f6sterreichisch-ungarischen Armee.Zur Zeit wird Shagya Arab in allen Disziplinen des Reitsportdisziplinen ausg\u00e4nitzt,und zwar wegen seiner Eigenschaften:H\u00e4rte, Widerstandsf\u00e4higkeit und Ausdauer.Er hat leicht G\u00e4nge auch im schwereren Terrain.Sein Skelett und Bemuskelung sind kr\u00e4ftiger als be idem Vollblutaraber, er hat st\u00e4rkere Beine und [&hellip;]<\/p>\n","protected":false},"author":1,"featured_media":575,"parent":0,"menu_order":0,"comment_status":"closed","ping_status":"closed","template":"","meta":{"_acf_changed":false,"footnotes":""},"class_list":["post-30","page","type-page","status-publish","has-post-thumbnail","hentry"],"acf":[],"aioseo_notices":[],"_links":{"self":[{"href":"https:\/\/shagya-arab-noric.com\/de\/wp-json\/wp\/v2\/pages\/30","targetHints":{"allow":["GET"]}}],"collection":[{"href":"https:\/\/shagya-arab-noric.com\/de\/wp-json\/wp\/v2\/pages"}],"about":[{"href":"https:\/\/shagya-arab-noric.com\/de\/wp-json\/wp\/v2\/types\/page"}],"author":[{"embeddable":true,"href":"https:\/\/shagya-arab-noric.com\/de\/wp-json\/wp\/v2\/users\/1"}],"replies":[{"embeddable":true,"href":"https:\/\/shagya-arab-noric.com\/de\/wp-json\/wp\/v2\/comments?post=30"}],"version-history":[{"count":41,"href":"https:\/\/shagya-arab-noric.com\/de\/wp-json\/wp\/v2\/pages\/30\/revisions"}],"predecessor-version":[{"id":736,"href":"https:\/\/shagya-arab-noric.com\/de\/wp-json\/wp\/v2\/pages\/30\/revisions\/736"}],"wp:featuredmedia":[{"embeddable":true,"href":"https:\/\/shagya-arab-noric.com\/de\/wp-json\/wp\/v2\/media\/575"}],"wp:attachment":[{"href":"https:\/\/shagya-arab-noric.com\/de\/wp-json\/wp\/v2\/media?parent=30"}],"curies":[{"name":"wp","href":"https:\/\/api.w.org\/{rel}","templated":true}]}}