{"id":24,"date":"2016-09-21T20:11:54","date_gmt":"2016-09-21T18:11:54","guid":{"rendered":"http:\/\/shagya-arab-noric.com\/?page_id=24"},"modified":"2018-10-28T17:19:11","modified_gmt":"2018-10-28T16:19:11","slug":"prodej-koni","status":"publish","type":"page","link":"https:\/\/shagya-arab-noric.com\/de\/prodej-koni\/","title":{"rendered":"Pferde zum verkauf"},"content":{"rendered":"<p><\/p>\n<h1>PFERDEVERKAUF DER RASSE NORIKER UND SHAGYA-ARABER<\/h1>\n<p>Wir bieten \u00a0Pferde aller Kategorien zum Verkauf an-Absetzfohlen,1-,2-,3-j\u00e4hrige Fohlen, junge Pferde und \u00e4ltere Stuten<\/p>\n<h2>VERKAUFSINFORMATIONEN<\/h2>\n<p>N\u00e4here Informationen \u00fcber angebotene Pferde<br \/>\nBohuslava Hor\u00e1kov\u00e1<br \/>\ne-mail: bhorakova@mkinet.cz<\/p>\n<h3>PFERDEISERATE FINDEN SIE AN DER SEITE<\/h3>\n<table style=\"width: 100%;\">\n<tbody>\n<tr>\n<td><a href=\"http:\/\/hrebcin-jenikov.cz\/prodej-koni\/\"><img loading=\"lazy\" decoding=\"async\" class=\"alignleft size-full wp-image-421\" src=\"http:\/\/shagya-arab-noric.com\/wp-content\/uploads\/2016\/09\/www_jenikov_01.jpg\" alt=\"www_jenikov_01\" width=\"836\" height=\"21\" srcset=\"https:\/\/shagya-arab-noric.com\/wp-content\/uploads\/2016\/09\/www_jenikov_01.jpg 836w, https:\/\/shagya-arab-noric.com\/wp-content\/uploads\/2016\/09\/www_jenikov_01-300x8.jpg 300w, https:\/\/shagya-arab-noric.com\/wp-content\/uploads\/2016\/09\/www_jenikov_01-768x19.jpg 768w\" sizes=\"auto, (max-width: 836px) 100vw, 836px\" \/><\/a><\/td>\n<\/tr>\n<\/tbody>\n<\/table>\n<h3>BEDINGUNGEN F\u00dcR PFERDEVERKAUF<\/h3>\n<p>Falls sich der Kunde ein Pferd \u00a0ausw\u00e4lt, wird der Kaufvertrag \u00a0geschrieben und danach \u00a0wird einen Vorschuss gegeben. Nach Durchf\u00fchrung der \u00a0Blut-untersuchung wird Veterin\u00e4ratest zum Transport ausgestellt.Dann kann man das Pferd \u00fcbernehmen.Alle verkauften Pferde bekommen Abstammungsanachweis aus \u00daECHK Slati\u0148any und Pferdeausweis einschliesslich Veterin\u00e4ratest.Wenn der Interesse hat,wird in Chip appliziert.Wir k\u00f6nnen auch selbst Transport gew\u00e4hrleisten.<\/p>\n<h3>ZUM VERKAUF BIETEN WIR \u00a0GE\u00dcBTE PFERDE AN<\/h3>\n<p>Bei Norikern heisst es, dass ge\u00fcbte Pferd im Paar im Wagen ziehen kann,selbst\u00e4ndig im Baumstamm \/in Schlitten\/, eventuell unter dem Sattel.Bei Pferden wird ein\u00fcbung \u00a0durchgemacht.Shagya-Arabe widen schon ab 4 Jahren in leichtem Gespann und unter dem Sattel einge\u00fcbt.<\/p>\n<h3>UNSERE PFERDE IN DER \u00a0WELT<\/h3>\n<p>Ausser der \u010cR laufen unsere Pferde auch in der Slowakei, in Deutschland,Frankreich und Griechenland<\/p>\n<p>Unsere Freunde in Deutschland:<br \/>\nHeinz M\u00fcller, Besenfeld, Nord Schwarzald<br \/>\n<a href=\"urlaub@hotel-pferdekoppel.de\">e-mail: urlaub@hotel-pferdekoppel.de<\/a><br \/>\nFritz Buderer, Gscheidstr. 13, 79348 Freiamt<br \/>\n<a href=\"kernschillingerhof@gmail.com\">e-mail: kernschillingerhof@gmail.com<\/a><br \/>\nDr. Milan Sm\u00ed\u0161ek, Waldkirch, Tel. 004976813708<\/p>\n<table style=\"width: 100%;\">\n<tbody>\n<tr>\n<td><img loading=\"lazy\" decoding=\"async\" class=\"alignleft size-full wp-image-550\" src=\"http:\/\/shagya-arab-noric.com\/wp-content\/uploads\/2016\/09\/horses.jpg\" alt=\"horses\" width=\"836\" height=\"427\" srcset=\"https:\/\/shagya-arab-noric.com\/wp-content\/uploads\/2016\/09\/horses.jpg 836w, https:\/\/shagya-arab-noric.com\/wp-content\/uploads\/2016\/09\/horses-300x153.jpg 300w, https:\/\/shagya-arab-noric.com\/wp-content\/uploads\/2016\/09\/horses-768x392.jpg 768w\" sizes=\"auto, (max-width: 836px) 100vw, 836px\" \/><\/td>\n<\/tr>\n<\/tbody>\n<\/table>\n<p><\/p>","protected":false},"excerpt":{"rendered":"<p>PFERDEVERKAUF DER RASSE NORIKER UND SHAGYA-ARABER Wir bieten \u00a0Pferde aller Kategorien zum Verkauf an-Absetzfohlen,1-,2-,3-j\u00e4hrige Fohlen, junge Pferde und \u00e4ltere Stuten VERKAUFSINFORMATIONEN N\u00e4here Informationen \u00fcber angebotene Pferde Bohuslava Hor\u00e1kov\u00e1 e-mail: bhorakova@mkinet.cz PFERDEISERATE FINDEN SIE AN DER SEITE BEDINGUNGEN F\u00dcR PFERDEVERKAUF Falls sich der Kunde ein Pferd \u00a0ausw\u00e4lt, wird der Kaufvertrag \u00a0geschrieben und danach \u00a0wird einen Vorschuss [&hellip;]<\/p>\n","protected":false},"author":1,"featured_media":60,"parent":0,"menu_order":0,"comment_status":"closed","ping_status":"closed","template":"","meta":{"_acf_changed":false,"footnotes":""},"class_list":["post-24","page","type-page","status-publish","has-post-thumbnail","hentry"],"acf":[],"aioseo_notices":[],"_links":{"self":[{"href":"https:\/\/shagya-arab-noric.com\/de\/wp-json\/wp\/v2\/pages\/24","targetHints":{"allow":["GET"]}}],"collection":[{"href":"https:\/\/shagya-arab-noric.com\/de\/wp-json\/wp\/v2\/pages"}],"about":[{"href":"https:\/\/shagya-arab-noric.com\/de\/wp-json\/wp\/v2\/types\/page"}],"author":[{"embeddable":true,"href":"https:\/\/shagya-arab-noric.com\/de\/wp-json\/wp\/v2\/users\/1"}],"replies":[{"embeddable":true,"href":"https:\/\/shagya-arab-noric.com\/de\/wp-json\/wp\/v2\/comments?post=24"}],"version-history":[{"count":46,"href":"https:\/\/shagya-arab-noric.com\/de\/wp-json\/wp\/v2\/pages\/24\/revisions"}],"predecessor-version":[{"id":767,"href":"https:\/\/shagya-arab-noric.com\/de\/wp-json\/wp\/v2\/pages\/24\/revisions\/767"}],"wp:featuredmedia":[{"embeddable":true,"href":"https:\/\/shagya-arab-noric.com\/de\/wp-json\/wp\/v2\/media\/60"}],"wp:attachment":[{"href":"https:\/\/shagya-arab-noric.com\/de\/wp-json\/wp\/v2\/media?parent=24"}],"curies":[{"name":"wp","href":"https:\/\/api.w.org\/{rel}","templated":true}]}}