{"id":2,"date":"2016-09-20T19:21:49","date_gmt":"2016-09-20T17:21:49","guid":{"rendered":"http:\/\/shagya-arab-noric.com\/?page_id=2"},"modified":"2016-10-27T19:40:28","modified_gmt":"2016-10-27T17:40:28","slug":"o-nas","status":"publish","type":"page","link":"https:\/\/shagya-arab-noric.com\/de\/","title":{"rendered":"Gestut"},"content":{"rendered":"<p><\/p>\n<h1>GEST\u00dcT JEN\u00cdKOV &#8211;\u00a0GR\u00d6SSTE ZUCHT VON NORIKERN UND SCHAGYA ARABERN IN \u010cR<\/h1>\n<h2>GEST\u00dcT-GESCHICHTE<\/h2>\n<p>Gest\u00fct Jen\u00edkov , GmbH , wurde im Jahre 1992 gegr\u00fcndet.Es wurde die Grundherde von 35 Noriker Stuten gekauft.Gleichzeitig wurden 2 Shagya Araberstuten von Nationalgest\u00fct Topol\u010danky gekauft.Damit wurde die Basis von Noriker und Araber Pferde im Gest\u00fct Jen\u00edkov gegeben. Sp\u00e4ter wurden Zuchthengste \u2013 3225 Koheilan I-CZ aus der Slowakei und 657 Tango \u2013 Vulkan aus \u00d6sterreich gekauft, vor allem wegen der Verbreiterung der Stutenlinien.Zur Zeit sind beide Herde die gr\u00f6ssteZucht in der CR. Das Gest\u00fct hat cca 160 ha L.N. zur Verf\u00fcgung, die vor allem zur Pferdef\u00fctterung dient. Alle Pferdekategorien sind die ganze Weidezeit auf der Weide, was die Voraussetzung f\u00fcr die gesunde Aufzucht und guten Gesundheitsstand ist.<\/p>\n<table style=\"width: 100%;\">\n<tbody>\n<tr>\n<td><img loading=\"lazy\" decoding=\"async\" class=\"alignleft size-full wp-image-479\" src=\"http:\/\/shagya-arab-noric.com\/wp-content\/uploads\/2016\/09\/stado_30.jpg\" alt=\"stado_30\" width=\"836\" height=\"412\" srcset=\"https:\/\/shagya-arab-noric.com\/wp-content\/uploads\/2016\/09\/stado_30.jpg 836w, https:\/\/shagya-arab-noric.com\/wp-content\/uploads\/2016\/09\/stado_30-300x148.jpg 300w, https:\/\/shagya-arab-noric.com\/wp-content\/uploads\/2016\/09\/stado_30-768x378.jpg 768w\" sizes=\"auto, (max-width: 836px) 100vw, 836px\" \/><\/td>\n<\/tr>\n<tr>\n<td>xx<\/td>\n<\/tr>\n<\/tbody>\n<\/table>\n<p>&nbsp;<\/p>\n<h2>MITGLIEDSCHAFT IM SHAGYA \u2013 ARABER ZUCHTVERBAND IN DER \u010cR<\/h2>\n<p>Gest\u00fct Jen\u00edkov ist einer der Gr\u00fcndungsmitglieder des Zuchtverbandes ShA in der \u010cR. Der Zuchtverband f\u00fchrt das Stammbuch und garantiert das Zuchtniveau dieser Rasse. Der Zuchtverband ist Mitglied der ISG-internationale Versamlung f\u00fcr diese Rasse in Europa. Der Verband organisiert seit dem Jahr 1993 j\u00e4hrlich eine Nationalschau der Zuchtpferde.Die Kommission bilden immer Fachleute von ISG. Gest\u00fct Jen\u00edkov wird auf dieses Zuchtschauenimmer vertretet.<\/p>\n<p><a href=\"http:\/\/www.shagya.wz.cz\">www.shagya.wz.cz<\/a><\/p>\n<table style=\"height: 37px;\" width=\"100%\">\n<tbody>\n<tr>\n<td style=\"width: 120px;\"><a href=\"http:\/\/shagya-arab-noric.com\/wp-content\/uploads\/2016\/09\/shagya-arab-zapis_tb.jpg\"><img loading=\"lazy\" decoding=\"async\" class=\"alignnone wp-image-100 size-full\" src=\"http:\/\/shagya-arab-noric.com\/wp-content\/uploads\/2016\/09\/shagya-arab-zapis_tb.jpg\" alt=\"shagya-arab-zapis_tb\" width=\"411\" height=\"274\" srcset=\"https:\/\/shagya-arab-noric.com\/wp-content\/uploads\/2016\/09\/shagya-arab-zapis_tb.jpg 411w, https:\/\/shagya-arab-noric.com\/wp-content\/uploads\/2016\/09\/shagya-arab-zapis_tb-300x200.jpg 300w\" sizes=\"auto, (max-width: 411px) 100vw, 411px\" \/><\/a><\/td>\n<td style=\"width: 120px;\"><a href=\"http:\/\/shagya-arab-noric.com\/wp-content\/uploads\/2016\/09\/shagya-arab_Samota_tb.jpg\"><img loading=\"lazy\" decoding=\"async\" class=\"alignnone wp-image-101 size-full\" src=\"http:\/\/shagya-arab-noric.com\/wp-content\/uploads\/2016\/09\/shagya-arab_Samota_tb.jpg\" alt=\"shagya-arab_samota_tb\" width=\"411\" height=\"273\" srcset=\"https:\/\/shagya-arab-noric.com\/wp-content\/uploads\/2016\/09\/shagya-arab_Samota_tb.jpg 411w, https:\/\/shagya-arab-noric.com\/wp-content\/uploads\/2016\/09\/shagya-arab_Samota_tb-300x199.jpg 300w\" sizes=\"auto, (max-width: 411px) 100vw, 411px\" \/><\/a><\/td>\n<\/tr>\n<tr>\n<td style=\"width: 120px; vertical-align: top;\">Eintragung der \u00a0Shagya \u2013Araber Stuten von unserer Zucht in das Stammbuch<\/td>\n<td style=\"width: 120px; vertical-align: top;\">Nationalschau der Pferderasse \u00a0Shagya-Araber \u00a0im Hengstdepot Tluma\u010dov im Jahre 2013, Stute Kapka CZ\u2013Sh\u2013A-250 \u00a0 gewann den zweiten Platz in der Kategorie der 8-11-j\u00e4hrigen \u00a0Zuchstuten<\/td>\n<\/tr>\n<\/tbody>\n<\/table>\n<h2>MITGLIEDSCHAFT IM ZUCHTVERBAND N, SN UND \u010cMB<\/h2>\n<p>Gest\u00fct Jen\u00edkov war Gr\u00fcndungsmitglied des Zuchtverbandes der Kaltblute im Jahre 1995 in Slati\u0148any. Diese Z\u00fcchter werden im Noriker Zuchtverband, Schlesien Norik zuchtverband und im B\u00f6hmisch \u2013m\u00e4rischen Belgik Zuchtverband \/\u010cMB\/ vertreten<\/p>\n<p><a href=\"http:\/\/www.schchk.cz\">www.schchk.cz<\/a><\/p>\n<p>Sie werden vom ASCHK CR \/Assotiation f\u00fcr Kaltblutpferde\/vertreten.<\/p>\n<p><a href=\"http:\/\/www.aschk.cz\">www.aschk.cz<\/a><\/p>\n<p>Gest\u00fct Jenikov entschied sich bei der Gr\u00fcndung f\u00fcr Noriker Zucht .Zur Zeit ist es die gr\u00f6sste Zucht der Noriker in der CR mit 20 Stuten.Gest\u00fct Jen\u00edkov nimmt regelm\u00e4ssig am Nationalschampionat der 3-j\u00e4hriger Norik Stuten teil.<\/p>\n<table style=\"width: 100%;\">\n<tbody>\n<tr>\n<td style=\"width: 50%;\"><a href=\"http:\/\/shagya-arab-noric.com\/wp-content\/uploads\/2016\/09\/Noric-Beseda-Pardubice_tb_01.jpg\"><img loading=\"lazy\" decoding=\"async\" class=\"alignnone wp-image-133 size-full\" src=\"http:\/\/shagya-arab-noric.com\/wp-content\/uploads\/2016\/09\/Noric-Beseda-Pardubice_tb_01.jpg\" alt=\"noric-beseda-pardubice_tb_01\" width=\"397\" height=\"400\" srcset=\"https:\/\/shagya-arab-noric.com\/wp-content\/uploads\/2016\/09\/Noric-Beseda-Pardubice_tb_01.jpg 397w, https:\/\/shagya-arab-noric.com\/wp-content\/uploads\/2016\/09\/Noric-Beseda-Pardubice_tb_01-150x150.jpg 150w, https:\/\/shagya-arab-noric.com\/wp-content\/uploads\/2016\/09\/Noric-Beseda-Pardubice_tb_01-298x300.jpg 298w\" sizes=\"auto, (max-width: 397px) 100vw, 397px\" \/><\/a><\/td>\n<td style=\"width: 129px;\"><a href=\"http:\/\/shagya-arab-noric.com\/wp-content\/uploads\/2016\/09\/Noric-Raketa-Pardubice_tb_01.jpg\"><img loading=\"lazy\" decoding=\"async\" class=\"alignnone wp-image-134 size-full\" src=\"http:\/\/shagya-arab-noric.com\/wp-content\/uploads\/2016\/09\/Noric-Raketa-Pardubice_tb_01.jpg\" alt=\"noric-raketa-pardubice_tb_01\" width=\"397\" height=\"400\" srcset=\"https:\/\/shagya-arab-noric.com\/wp-content\/uploads\/2016\/09\/Noric-Raketa-Pardubice_tb_01.jpg 397w, https:\/\/shagya-arab-noric.com\/wp-content\/uploads\/2016\/09\/Noric-Raketa-Pardubice_tb_01-150x150.jpg 150w, https:\/\/shagya-arab-noric.com\/wp-content\/uploads\/2016\/09\/Noric-Raketa-Pardubice_tb_01-298x300.jpg 298w\" sizes=\"auto, (max-width: 397px) 100vw, 397px\" \/><\/a><\/td>\n<\/tr>\n<tr>\n<td style=\"width: 201px;\">Stute 43\/357 Beseda -Siegerin des Nationalchampionates der Noriker Stuten im Jahre 2012<\/td>\n<td style=\"width: 129px;\">Stute 43\/492 Raketa-Siegerin des Nationalchampionates der Noriker Stuten im Jahre 2014<\/td>\n<\/tr>\n<\/tbody>\n<\/table>\n<h2>GRUNDCHARAKTERISTIK DER PFERDERASSEN DER NORIK UND SHAGYA ARABER<\/h2>\n<h3>NORIK IST EIN PFERD , GEEIGNET F\u00dcR \u00a0LANDWIRTSCHAFTLICHE UND FORSTARBEIT, ERHOLUNGSREITEN IM SATTEL, KUTSCHENREITEN UND F\u00dcR HIPPOTERAPIE<\/h3>\n<p>Norik wurde nach der R\u00f6mer Provinz Noricum genannt , die sich in den heutigen Alpenl\u00e4ndern ausbreitete. Hier wurde dieses Pferd in der Berglandwirtschft ausgen\u00fctzt und f\u00fcr Transport im schlechten Bergel\u00e4nde.<br \/>\nDas Zuchtziel dieser Rase ist ein Kaltblutpferd, heranreif im dritten Lebensjahr. Ist mittelgross bis gross in einem langrechteckigem Rahmen und gut bemuskelt. Der Kopf ist etwas schwer, m\u00e4chtig mit ausgepr\u00e4gten Augen. Der Hals ist mittelhoch angesetzt , der Widerrist ist ausgepr\u00e4gt. Die Schulter ist gut geformt , die Brust mitteltief.die mittellange Oberlinie ist etwas weicher. Die Kruppe ist mittellang , stark , leicht gespaltenund abgedacht. Das Fundament ist stark, knochig, trosken mit wenig Behang . Die Hufe sind elastisch, stark und gut entwickelt. Der Noriker hat wenig ausgepr\u00e4gte Gelenke mit Andeutung angelaufen.Die Fessel sind kurz und stark. Der Noriker ist arbeitsam und gut beherschbar, mit ausgeglichenem Temperament, gutem Charakter und futterdankbar. Er hat mittellange raumgreifigkeit der G\u00e4nge.<br \/>\nZum Eintragen in das Hauptstammbuch wird bei den Stuten das Stockmass 155 cm verlangt und bei den Hengsten 156 cm. Das leichte Gewicht des Norikers und sein lebhaftes Temperament sind vorteilhaft f\u00fcr die Ausn\u00fctzung in h\u00fcgeliger Landschaft im anspruchsvollem Gel\u00e4nde. Der Noriker ist widerstandsf\u00e4hig gegen Ungunst des Wetters. Seine Konstitution mit gutem Charakter und Gef\u00e4lligkeit zur Arbeit.Die Ausn\u00fctzung dieser Rasse ist geeignet f\u00fcr die Arbeitin der Forstwirtschaft, auch in der Landwirtschaft, f\u00fcr das Freizeitreiten und Rehabilitationsreiten.<\/p>\n<h3>SHAGYA ARABER \u2013 PFERDE \u00a0F\u00dcR REITEN GEEIGNET,VOR ALLEM F\u00dcR AUSDAUERREITEN &#8211; ENDURANCE<\/h3>\n<p>Shagya Araber ist urspr\u00fcnglicher Stamm des Araber Pferdes,das seit dem Jahre 1987 als speziale Reinrasse anerkannt vurde. Die systematische Zucht ist sehr \u00a0alt,diese Rasse ist nur 23 Jahre j\u00fcnger als englisches Vollblut. Mit der araber Pferdezucht \u00a0besch\u00e4ftigten sich vor allem \u00a0\u00f6sterreich-ungarische Gest\u00fcte Baboln\u00e1 und Radovec.Unter der Araber stamen zeichnetesich der Shagya Stamm aus.Die Shagya \u00a0Linie wurde vom Hengst Shagya gegr\u00fcndet. Er wurde im Jahre 1830 in Syrien geboren und wurde von Beduinen f\u00fcr das Gest\u00fct B\u00e1boln\u00e1 gekauft. Zu dieser Zeit vertrit \u00a0die Shagya Araber Z\u00fcchter der Shagya Araber \u00a0Zuchtverband. Die Zucht steht auf der Basis der 21 Familien und 11 Hengstlinien. Shagya Araber kann in der 4. Generation der Genealogie h\u00f6chstens \u00a09 Araber Vollblute von 16 Voreltern nicht haben. Die Shagya \u2013Araberrasse soll sich in seiner Gr\u00f6sse, im Typ und Rahmen von dem Vollblutaraber merklich unterscheiden. Der Shagya-Araber ist sch\u00f6n, im gr\u00f6sserem Rahmen, ausgeglichem, mit einem edlen Ausdruck, gut \u00a0geformten Hals, Auff\u00e4lliger Oberlinie, langer Kruppe und hoch \u00a0angesetztem Schweif. Das Fundament soll knochig sein, in den Gelenken trocken. Grosse Bedeutung \u00a0wird \u00a0mit Vorzug auf eine raumgreifige, elastische und korekte Bewegung im Schritt, Trab und Galopp verlangt. Die Rasse macht sich ersichtlich mit H\u00e4rte, Widerstandsf\u00e4higkeit und ausdauer. Es ist eine Vielseitige Stammbaumrasse. Die Stuten warden in das Haupstammbuch eingereiht mit einer H\u00f6he mindestens 152 cm Stockmass und R\u00f6hrbeinumfang 18,5 cm. Die Hengste mit 154 cm \u00a0Stockmass und R\u00f6hrbeinumfang 20 cm. Zur Zeit wird die Shagya-Araberrrasse in allen Reitsportdisziplinen ausgen\u00fctzt, jedoch haupts\u00e4chlich im Distanzreiten ( Endurance).<\/p>\n<table style=\"width: 100%;\">\n<tbody>\n<tr>\n<td style=\"width: 50%; vertical-align: top;\"><img loading=\"lazy\" decoding=\"async\" class=\"alignleft size-full wp-image-492\" src=\"http:\/\/shagya-arab-noric.com\/wp-content\/uploads\/2016\/09\/shagya-arab_03.jpg\" alt=\"shagya_30\" width=\"411\" height=\"371\" srcset=\"https:\/\/shagya-arab-noric.com\/wp-content\/uploads\/2016\/09\/shagya-arab_03.jpg 411w, https:\/\/shagya-arab-noric.com\/wp-content\/uploads\/2016\/09\/shagya-arab_03-300x271.jpg 300w\" sizes=\"auto, (max-width: 411px) 100vw, 411px\" \/><\/td>\n<td style=\"width: 50%; vertical-align: top;\"><a href=\"http:\/\/shagya-arab-noric.com\/wp-content\/uploads\/2016\/09\/shagya-arab-Kapka_tb2.jpg\"><img loading=\"lazy\" decoding=\"async\" class=\"alignleft wp-image-130 size-full\" src=\"http:\/\/shagya-arab-noric.com\/wp-content\/uploads\/2016\/09\/shagya-arab-Kapka_tb2.jpg\" alt=\"shagya arab Kapka_tb2\" width=\"411\" height=\"371\" srcset=\"https:\/\/shagya-arab-noric.com\/wp-content\/uploads\/2016\/09\/shagya-arab-Kapka_tb2.jpg 411w, https:\/\/shagya-arab-noric.com\/wp-content\/uploads\/2016\/09\/shagya-arab-Kapka_tb2-300x271.jpg 300w\" sizes=\"auto, (max-width: 411px) 100vw, 411px\" \/><\/a><\/td>\n<\/tr>\n<tr>\n<td style=\"width: 50%; vertical-align: top;\">Valach OB3-19-Sh Valda<\/td>\n<td style=\"width: 50%; vertical-align: top;\">XVIII. Nationalscha der ShA Pferderasse \u00a0im Hengstdepot P\u00edsek im Jahre 2010, Stute Samota CZ-Sh-A-311 gewann den ersten Platz in der Kategorie f\u00fcr 4-j\u00e4hrige Zuchstuten<\/td>\n<\/tr>\n<\/tbody>\n<\/table>\n<p><\/p>","protected":false},"excerpt":{"rendered":"<p>GEST\u00dcT JEN\u00cdKOV &#8211;\u00a0GR\u00d6SSTE ZUCHT VON NORIKERN UND SCHAGYA ARABERN IN \u010cR GEST\u00dcT-GESCHICHTE Gest\u00fct Jen\u00edkov , GmbH , wurde im Jahre 1992 gegr\u00fcndet.Es wurde die Grundherde von 35 Noriker Stuten gekauft.Gleichzeitig wurden 2 Shagya Araberstuten von Nationalgest\u00fct Topol\u010danky gekauft.Damit wurde die Basis von Noriker und Araber Pferde im Gest\u00fct Jen\u00edkov gegeben. Sp\u00e4ter wurden Zuchthengste \u2013 3225 [&hellip;]<\/p>\n","protected":false},"author":1,"featured_media":55,"parent":0,"menu_order":0,"comment_status":"closed","ping_status":"closed","template":"","meta":{"_acf_changed":false,"footnotes":""},"class_list":["post-2","page","type-page","status-publish","has-post-thumbnail","hentry"],"acf":[],"aioseo_notices":[],"_links":{"self":[{"href":"https:\/\/shagya-arab-noric.com\/de\/wp-json\/wp\/v2\/pages\/2","targetHints":{"allow":["GET"]}}],"collection":[{"href":"https:\/\/shagya-arab-noric.com\/de\/wp-json\/wp\/v2\/pages"}],"about":[{"href":"https:\/\/shagya-arab-noric.com\/de\/wp-json\/wp\/v2\/types\/page"}],"author":[{"embeddable":true,"href":"https:\/\/shagya-arab-noric.com\/de\/wp-json\/wp\/v2\/users\/1"}],"replies":[{"embeddable":true,"href":"https:\/\/shagya-arab-noric.com\/de\/wp-json\/wp\/v2\/comments?post=2"}],"version-history":[{"count":61,"href":"https:\/\/shagya-arab-noric.com\/de\/wp-json\/wp\/v2\/pages\/2\/revisions"}],"predecessor-version":[{"id":737,"href":"https:\/\/shagya-arab-noric.com\/de\/wp-json\/wp\/v2\/pages\/2\/revisions\/737"}],"wp:featuredmedia":[{"embeddable":true,"href":"https:\/\/shagya-arab-noric.com\/de\/wp-json\/wp\/v2\/media\/55"}],"wp:attachment":[{"href":"https:\/\/shagya-arab-noric.com\/de\/wp-json\/wp\/v2\/media?parent=2"}],"curies":[{"name":"wp","href":"https:\/\/api.w.org\/{rel}","templated":true}]}}