{"id":14,"date":"2016-09-21T20:00:58","date_gmt":"2016-09-21T18:00:58","guid":{"rendered":"http:\/\/shagya-arab-noric.com\/?page_id=14"},"modified":"2017-09-01T12:03:59","modified_gmt":"2017-09-01T10:03:59","slug":"chov-koni","status":"publish","type":"page","link":"https:\/\/shagya-arab-noric.com\/de\/chov-koni\/","title":{"rendered":"Pferdezucht"},"content":{"rendered":"<p><\/p>\n<h1>GEST\u00dcT JENIKOV BESCH\u00c4FTIGT SICH MIT DER NORIKER UND SHAGYA-ARABER ZUCHT<\/h1>\n<p>In der Pferdevemehrung wirktn j\u00e4hrlich 3-5 Besch\u00e4ler.Stuten warden sonographisch untersucht.Fohlen kommen im Februar,M\u00e4rz und April zur Welt,und \u00a0zwar im freistall auf dem Tiefstreu.Die meisten Geburten verlaufen spontan, ohne Menschenhilfe.Die Fohlen verbringen die meiste Zeit mit ihren M\u00fcttern auf der Weide.Fohlenabsetzung verl\u00e4uft in Gruppen nach 5 monaten.Die Fohlen werden noch vor dem Absatzausgl\u00fchen.noriker bekommen ausserdem Fohlennummer auch auf dem rechten \u00a0schenkel Eigentumsansgl\u00fcher. Gest\u00fct Jenikov besch\u00e4ftigt sich mit der Noriker und Shagya-Araber Zucht. In der Pferdevemehrung wirktn j\u00e4hrlich 3-5 Besch\u00e4ler. Stuten warden sonographisch untersucht.Fohlen kommen im Februar,M\u00e4rz und April zur Welt,und \u00a0zwar im freistall auf dem Tiefstreu. Die meisten Geburten verlaufen spontan, ohne Menschenhilfe. Die Fohlen verbringen die meiste Zeit mit ihren M\u00fcttern auf der Weide. Fohlenabsetzung verl\u00e4uft in Gruppen nach 5 monaten. Die Fohlen werden noch vor dem Absatzausgl\u00fchen noriker bekommen ausserdem Fohlennummer auch auf dem rechten \u00a0schenkel Eigentumsansgl\u00fcher.<\/p>\n<p><img loading=\"lazy\" decoding=\"async\" class=\"alignnone size-full wp-image-139\" src=\"http:\/\/shagya-arab-noric.com\/wp-content\/uploads\/2016\/09\/shagya-arab_stado_02_B.jpg\" alt=\"shagya-arab_stado_02_b\" width=\"836\" height=\"206\" srcset=\"https:\/\/shagya-arab-noric.com\/wp-content\/uploads\/2016\/09\/shagya-arab_stado_02_B.jpg 836w, https:\/\/shagya-arab-noric.com\/wp-content\/uploads\/2016\/09\/shagya-arab_stado_02_B-300x74.jpg 300w, https:\/\/shagya-arab-noric.com\/wp-content\/uploads\/2016\/09\/shagya-arab_stado_02_B-768x189.jpg 768w\" sizes=\"auto, (max-width: 836px) 100vw, 836px\" \/><br \/>\nShagya Arabe Wallachenherde<\/p>\n<h2>NORIK<\/h2>\n<p>In der Norikherde \u00fcberwiegen die Braunen mit weniger \u00a0Branden ,aber sind auch Rappen und dunkel F\u00fcchse.In Jen\u00edkov in der Norikzucht haben vom Jahr 1987 in der Zucht volgende Hengste gewirkt: 137 Neugot \u00a0aus \u00a0\u010cimelic, \u00a0in den Jahren \u00a01988-90 223 Brahmik\u00e1n aus Nemo\u0161ice.-3, in den Jahren \u00a0 1991-93 180 Hub\u00edr &#8211; 20 , in den Jahren \u00a01992-3 280 Hubar, im Jahr \u00a01994 2298 Fu\u0161er, im Jahr 1995 2296 Hub\u00edr -13 und \u00a0552 Hul\u00e1n und \u00a02413 Gopar, in den Jahren 1996-97 303 Gofun, in den Jahren \u00a01997-2002 657 Tango &#8211; Vulk\u00e1n, in den Jahren \u00a02003-04 444 Neugot I &#8211; 20, in den Jahren v 2004-13 946 Tann \u2013 Sedrik, in den Jahren \u00a02005 729 Dir, in den Jahren v 2006-08 964 Schifon, in den Jahren 2009-2012 1331 Sargon , in den Jahren 2013-14 \u00a01441 Nero Be\u010dvansk\u00fd. Unsere Zucht hat sehr auf \u00d6sterrechgekauft Rappe-hengst \u00a0657 Tango-Vulk\u00e1n beeimflusst ,der war sehr \u00a0fruchtbar.Sein \u00a0nachkommen bekommt von ihm gutes Charakter und Arbeitsf\u00e4higkeib.Viele seine T\u00f6chter wirken in der Grundherde und in der Zucht hat \u00a0auch sein Sohn 946 Tann-Sedrik \u00a0gewirkt. Die Stuttenfamilier unserer zucht stammen \u00a0aus \u00a04 \u00a0urspringlich \u00a0gekauften Stutten aus der Zucht L\u00e1ny,weiter aus der \u00a0eingekauften \u00a0Stutten aus der L\u00e1ndzucht.Die gesammtzahl von Noriker hat unsere \u00a0Herder und 60.<\/p>\n<table style=\"width: 100%;\">\n<tbody>\n<tr>\n<td><img loading=\"lazy\" decoding=\"async\" class=\"alignleft size-full wp-image-486\" src=\"http:\/\/shagya-arab-noric.com\/wp-content\/uploads\/2016\/09\/hribata-norik.jpg\" alt=\"hribata-norik\" width=\"836\" height=\"344\" srcset=\"https:\/\/shagya-arab-noric.com\/wp-content\/uploads\/2016\/09\/hribata-norik.jpg 836w, https:\/\/shagya-arab-noric.com\/wp-content\/uploads\/2016\/09\/hribata-norik-300x123.jpg 300w, https:\/\/shagya-arab-noric.com\/wp-content\/uploads\/2016\/09\/hribata-norik-768x316.jpg 768w\" sizes=\"auto, (max-width: 836px) 100vw, 836px\" \/><\/td>\n<\/tr>\n<tr>\n<td>Noriker Fohlen<\/td>\n<\/tr>\n<\/tbody>\n<\/table>\n<h2>SHAGYA ARAB<\/h2>\n<p>Mutterzahl Shagya Araber in der Grundherde bewegt sich rund 25 Stuten. In der Shagya Araber Herde Schimmel \u00fcberwiegen, eine Aussmahme sehaffem ein paar Braune.Unsere Zucht stammt aus der Zucht des Nationalgest\u00fct Topol\u010dianky.<br \/>\nDie Stuten geh\u00f6ren zur Familier:Nr.1-40-LADY SARAH XX,Nr.6-MILORDKA, Nr.8-97\u201dfreie Zucht\u201d,Nr.12-155 BARBARINO IX.Im Jahre 1995 wurde aus der Slowakei dann 20-j\u00e4hrige Hengst 3225 (Koheilan I \u2013 CZ) gekauft.In Jen\u00edkov haten 4 Jahre gewirkt und hat die Zucht aussdrucksvoll beeinflusst.Weiter in der National Zucht wirken folgende unsere Hengste, die warden im gespannsport \u00fcberpr\u00fcft: vom J. 1998 699 Siglavy Bagdady II-CZ (Kadet), vom J. 2000 780 O\u00b4Bajan III-CZ (Dibon), vom J. 2003 925 Koheilan VII-CZ (Drak).Vom J. 2014 wirkt in der Zucht Hengst unsere Zucht 1999 Mersuch II-CZ.<\/p>\n<table style=\"width: 100%;\">\n<tbody>\n<tr>\n<td style=\"text-align: center;\"><img loading=\"lazy\" decoding=\"async\" class=\"alignleft size-full wp-image-153\" src=\"http:\/\/shagya-arab-noric.com\/wp-content\/uploads\/2016\/09\/shagya_vyzeh.jpg\" alt=\"shagya_vyzeh\" width=\"836\" height=\"164\" srcset=\"https:\/\/shagya-arab-noric.com\/wp-content\/uploads\/2016\/09\/shagya_vyzeh.jpg 836w, https:\/\/shagya-arab-noric.com\/wp-content\/uploads\/2016\/09\/shagya_vyzeh-300x59.jpg 300w, https:\/\/shagya-arab-noric.com\/wp-content\/uploads\/2016\/09\/shagya_vyzeh-768x151.jpg 768w\" sizes=\"auto, (max-width: 836px) 100vw, 836px\" \/><\/td>\n<\/tr>\n<\/tbody>\n<\/table>\n<p>Weiter wurden folgende Hengste geborgt :im J. 2004 2744 Gazal I-CZ (Alinea), im J.2005 335 Kasr El Nil-20,in J.2006-7 743 Dahoman I-CZ, 2008-2009 1243 Mersuch I-CZ, 2010-13 975 Koheilan VIII-CZ(Kelim).<br \/>\nShagya Arab ist eine sp\u00e4theran Rasse und darum warden die Jungstutten erst im Alter vom 4-5 J. ins Stambuch eingetragen.Die Ausbildung verlauft unter dem tattle und im leichten Gespann.<br \/>\nUnsere Pferde sich beteiligen an allen Gespannwettbewerben bis in die Stufe \u201cT\u201d. Wettbewerb hat 3 Teile:Dresur,Terrainpr\u00fcfung-Marathon und Parkur.Der Wettbewerg wird ihren Ausbildung,Kondition aber auch Psychik und Charakter \u00fcberpr\u00fcft<\/p>\n<table style=\"width: 100%;\">\n<tbody>\n<tr>\n<td><img loading=\"lazy\" decoding=\"async\" class=\"alignleft size-full wp-image-561\" src=\"http:\/\/shagya-arab-noric.com\/wp-content\/uploads\/2016\/09\/shagya-arab_09.jpg\" alt=\"shagya-arab_09\" width=\"836\" height=\"470\" srcset=\"https:\/\/shagya-arab-noric.com\/wp-content\/uploads\/2016\/09\/shagya-arab_09.jpg 836w, https:\/\/shagya-arab-noric.com\/wp-content\/uploads\/2016\/09\/shagya-arab_09-300x169.jpg 300w, https:\/\/shagya-arab-noric.com\/wp-content\/uploads\/2016\/09\/shagya-arab_09-768x432.jpg 768w\" sizes=\"auto, (max-width: 836px) 100vw, 836px\" \/><\/td>\n<\/tr>\n<tr>\n<td>xxx<\/td>\n<\/tr>\n<\/tbody>\n<\/table>\n<h2>AUSBILDUNGSPLATZ VON DEN \u00a0HUFSCHMIEDEN<\/h2>\n<p>Ein fest Teil der Pferdeplege ist auch die Hufenkorektur.Shon vom Jahr 2004 wird Gest\u00fctt Jen\u00edkov als Schulbetrieb von der Mitteschule in Jarom\u011b\u0159-Fach Schmied-Hufschmied genant.<\/p>\n<p><a href=\"http:\/\/www.podkovar-kysilka.cz\/kovarstvi.html\">http:\/\/www.podkovar-kysilka.cz\/kovarstvi.html<\/a><br \/>\n<a href=\"http:\/\/www.kovari.org\/\">http:\/\/www.kovari.org\/<\/a><br \/>\n<a href=\"http:\/\/skola-jaromer.odnas.cz\/\">http:\/\/skola-jaromer.odnas.cz\/<\/a><\/p>\n<p>&nbsp;<\/p>\n<p><span style=\"color: #999999;\">category: shagya arab \/\u00a0norik<\/span><\/p>","protected":false},"excerpt":{"rendered":"<p>GEST\u00dcT JENIKOV BESCH\u00c4FTIGT SICH MIT DER NORIKER UND SHAGYA-ARABER ZUCHT In der Pferdevemehrung wirktn j\u00e4hrlich 3-5 Besch\u00e4ler.Stuten warden sonographisch untersucht.Fohlen kommen im Februar,M\u00e4rz und April zur Welt,und \u00a0zwar im freistall auf dem Tiefstreu.Die meisten Geburten verlaufen spontan, ohne Menschenhilfe.Die Fohlen verbringen die meiste Zeit mit ihren M\u00fcttern auf der Weide.Fohlenabsetzung verl\u00e4uft in Gruppen nach 5 [&hellip;]<\/p>\n","protected":false},"author":1,"featured_media":58,"parent":0,"menu_order":0,"comment_status":"closed","ping_status":"closed","template":"","meta":{"_acf_changed":false,"footnotes":""},"class_list":["post-14","page","type-page","status-publish","has-post-thumbnail","hentry"],"acf":[],"aioseo_notices":[],"_links":{"self":[{"href":"https:\/\/shagya-arab-noric.com\/de\/wp-json\/wp\/v2\/pages\/14","targetHints":{"allow":["GET"]}}],"collection":[{"href":"https:\/\/shagya-arab-noric.com\/de\/wp-json\/wp\/v2\/pages"}],"about":[{"href":"https:\/\/shagya-arab-noric.com\/de\/wp-json\/wp\/v2\/types\/page"}],"author":[{"embeddable":true,"href":"https:\/\/shagya-arab-noric.com\/de\/wp-json\/wp\/v2\/users\/1"}],"replies":[{"embeddable":true,"href":"https:\/\/shagya-arab-noric.com\/de\/wp-json\/wp\/v2\/comments?post=14"}],"version-history":[{"count":39,"href":"https:\/\/shagya-arab-noric.com\/de\/wp-json\/wp\/v2\/pages\/14\/revisions"}],"predecessor-version":[{"id":749,"href":"https:\/\/shagya-arab-noric.com\/de\/wp-json\/wp\/v2\/pages\/14\/revisions\/749"}],"wp:featuredmedia":[{"embeddable":true,"href":"https:\/\/shagya-arab-noric.com\/de\/wp-json\/wp\/v2\/media\/58"}],"wp:attachment":[{"href":"https:\/\/shagya-arab-noric.com\/de\/wp-json\/wp\/v2\/media?parent=14"}],"curies":[{"name":"wp","href":"https:\/\/api.w.org\/{rel}","templated":true}]}}